{"id":100,"date":"2019-04-18T11:29:35","date_gmt":"2019-04-18T11:29:35","guid":{"rendered":"https:\/\/portal.bbmri.it\/?page_id=100"},"modified":"2026-03-19T12:40:07","modified_gmt":"2026-03-19T11:40:07","slug":"common-service-it","status":"publish","type":"page","link":"https:\/\/www.bbmri.it\/en\/common-services\/common-service-it\/","title":{"rendered":"Common Service IT"},"content":{"rendered":"<div data-elementor-type=\"wp-page\" data-elementor-id=\"100\" class=\"elementor elementor-100\" data-elementor-post-type=\"page\">\n\t\t\t\t\t\t<section class=\"elementor-section elementor-top-section elementor-element elementor-element-5339251d elementor-section-boxed elementor-section-height-default elementor-section-height-default\" data-id=\"5339251d\" data-element_type=\"section\" data-e-type=\"section\">\n\t\t\t\t\t\t<div class=\"elementor-container elementor-column-gap-default\">\n\t\t\t\t\t<div class=\"elementor-column elementor-col-100 elementor-top-column elementor-element elementor-element-db438f8\" data-id=\"db438f8\" data-element_type=\"column\" data-e-type=\"column\">\n\t\t\t<div class=\"elementor-widget-wrap elementor-element-populated\">\n\t\t\t\t\t\t<div class=\"elementor-element elementor-element-33262f6 elementor-widget elementor-widget-html\" data-id=\"33262f6\" data-element_type=\"widget\" data-e-type=\"widget\" data-widget_type=\"html.default\">\n\t\t\t\t<div class=\"elementor-widget-container\">\n\t\t\t\t\t<div uk-alert>\n<b>\nAndrea Manconi \u2013 Responsabile CS-IT <br\/>\nMatteo Pallocca \u2013 Responsabile CS-IT (datafairification) <br\/>\n<\/b>\n<\/div>\t\t\t\t<\/div>\n\t\t\t\t<\/div>\n\t\t\t\t<div class=\"elementor-element elementor-element-4dd8c847 elementor-widget elementor-widget-text-editor\" data-id=\"4dd8c847\" data-element_type=\"widget\" data-e-type=\"widget\" data-widget_type=\"text-editor.default\">\n\t\t\t\t<div class=\"elementor-widget-container\">\n\t\t\t\t\t\t\t\t\t<div class=\"uk-card uk-card-default uk-card-hover uk-card-body\" align=\"justify\"><div class=\"translation-block\"><h3><strong>Come contattare il Common Service IT BBMRI.it?<\/strong><\/h3><p>Per contattarci invia una mail a\u00a0<a href=\"mailto:italy@bbmri.it\">italy@bbmri.it<\/a> Ti risponderemo al pi\u00f9 presto.<br \/><br \/><\/p><h3><strong>Che cos\u2019\u00e8 il Common Service IT BBMRI.it?<\/strong><\/h3><p>Il Common Service IT\u00a0\u00e8 una struttura di servizio che si occupa del supporto informatico correlato al biobanking. In particolare, offre expertise, strumenti e servizi per la creazione, gestione e condivisione dei dati associati alle biobanche e collezioni afferenti al nodo BBMRI.it.<br \/><br \/><\/p><h3><strong>Quali servizi offre il Common Service IT BBMRI.it?<\/strong><\/h3><ul class=\"uk-list uk-list-striped\"><li><em>PORTALE BBMRI.it<\/em>: Il portale BBMRI.it \u00e8 lo strumento che consente la massima visibilit\u00e0 alle biobanche e dove \u00e8 possibile trovare informazioni e notizie della rete. L\u2019organizzazione ed i contenuti del portale sono curati dal coordinatore di BBMRI.it in collaborazione con l\u2019Istituto di Tecnologie Biomediche del CNR e sotto la supervisione di un Editorial Board.<\/li><li><em>QUESTIONARIO AUTOVALUTAZIONE BBMRI.it<\/em>: Tutte le biobanche che desiderano afferire al nodo BBMRI.it devono compilare un questionario di autovalutazione on line (<a href=\"https:\/\/www.bbmri.it\/en\/directory\/\" target=\"_blank\" rel=\"noopener\">LINK)<\/a>. Il questionario viene poi valutato da una commissione preposta e se ritenuto idoneo consente alla biobanca di avere un profilo all\u2019interno della Directory BBMRI.it e condividere i propri dati con la directory BBMRI-ERIC.<\/li><li><em>DIRECTORY BBMRI.it<\/em>: servizio di creazione, modifica e gestione dei dati pubblici con informazioni aggregate sulle biobanche afferenti al nodo, le loro collezioni di campioni e di dati, nonch\u00e9 i servizi aggiuntivi offerti. La directory utilizza MIABIS 2.0 Core come modello di dati e fornisce l&#8217;accesso solo agli utenti accreditati. (<a href=\"https:\/\/www.bbmri.it\/en\/directory\/\" target=\"_blank\" rel=\"noopener\">LINK<\/a>).<\/li><li><em>PAGINA PUBBLICA BIOBANCA BBMRI.it<\/em>: Tutte le biobanche afferenti al nodo BBMRI.it hanno una propria pagina pubblica all\u2019interno del portale BBMRI.it. Le informazioni contenute in queste pagine possono essere gestite direttamente dalla Directory BBMRI.it tramite un servizio dedicato (<a href=\"https:\/\/www.bbmri.it\/en\/directory\/\" target=\"_blank\" rel=\"noopener\">LINK<\/a>).<\/li><li><em>CONDIVISIONE DATI CON INFRASTRUTTURA BBMRI-ERIC<\/em>: I Nodi Nazionali BBMRI-ERIC sono responsabili della fornitura e della cura dei dati nella Directory BBMRI-ERIC per il rispettivo Paese. Il common service IT di BBMRI.it si occupa di condividere i dati della Directory italiana con il nodo Europeo cosi da rendere fruibili a tutta la comunit\u00e0 i dati inseriti dai direttori delle biobanche.<\/li><li><em>GESTIONE DOCUMENTALE<\/em>: Questo servizio consente a tutti gli utenti registrati di utilizzare il sistema di gestione documentale del nodo BBMRI.it. Ogni utente pu\u00f2 accedere a tutti i documenti pubblici del nodo e a seconda del gruppo e dei permessi associati vengono poi filtrate le risorse associate, consentendo una condivisione accurata della documentazione. (<a href=\"https:\/\/repository.bbmri.it\">LINK<\/a>)<\/li><li><em>SERVIZI DI HELP DESK<\/em>: A supporto di tutta la comunit\u00e0 di BBMRI.it \u00e8 attivo un servizio di Help Desk relativo alle problematiche legate alle problematiche IT. Il servizio \u00e8 accessibile tramite il portale. BBMRI.it per quesiti generali e all\u2019interno della Directory BBMRI.it per quesiti specifici. (<a href=\"https:\/\/www.bbmri.it\/en\/#contact\">LINK<\/a>)<\/li><\/ul><\/div><\/div>\t\t\t\t\t\t\t\t<\/div>\n\t\t\t\t<\/div>\n\t\t\t\t\t<\/div>\n\t\t<\/div>\n\t\t\t\t\t<\/div>\n\t\t<\/section>\n\t\t\t\t<\/div>","protected":false},"excerpt":{"rendered":"<p>Andrea Manconi \u2013 Responsabile CS-IT Matteo Pallocca \u2013 Responsabile CS-IT (datafairification) Come contattare il Common Service IT BBMRI.it? Per contattarci invia una mail a\u00a0italy@bbmri.it Ti risponderemo al pi\u00f9 presto. Che cos\u2019\u00e8 il Common Service IT BBMRI.it? Il Common Service IT\u00a0\u00e8 una struttura di servizio che si occupa del supporto informatico [&hellip;]<\/p>\n","protected":false},"author":1,"featured_media":0,"parent":96,"menu_order":0,"comment_status":"closed","ping_status":"closed","template":"page-templates\/template-fullwidth.php","meta":{"footnotes":""},"class_list":["post-100","page","type-page","status-publish","hentry"],"publishpress_future_action":{"enabled":false,"date":"2026-05-08 00:20:04","action":"change-status","newStatus":"draft","terms":[],"taxonomy":"","extraData":[]},"publishpress_future_workflow_manual_trigger":{"enabledWorkflows":[]},"_links":{"self":[{"href":"https:\/\/www.bbmri.it\/en\/wp-json\/wp\/v2\/pages\/100","targetHints":{"allow":["GET"]}}],"collection":[{"href":"https:\/\/www.bbmri.it\/en\/wp-json\/wp\/v2\/pages"}],"about":[{"href":"https:\/\/www.bbmri.it\/en\/wp-json\/wp\/v2\/types\/page"}],"author":[{"embeddable":true,"href":"https:\/\/www.bbmri.it\/en\/wp-json\/wp\/v2\/users\/1"}],"replies":[{"embeddable":true,"href":"https:\/\/www.bbmri.it\/en\/wp-json\/wp\/v2\/comments?post=100"}],"version-history":[{"count":15,"href":"https:\/\/www.bbmri.it\/en\/wp-json\/wp\/v2\/pages\/100\/revisions"}],"predecessor-version":[{"id":3242,"href":"https:\/\/www.bbmri.it\/en\/wp-json\/wp\/v2\/pages\/100\/revisions\/3242"}],"up":[{"embeddable":true,"href":"https:\/\/www.bbmri.it\/en\/wp-json\/wp\/v2\/pages\/96"}],"wp:attachment":[{"href":"https:\/\/www.bbmri.it\/en\/wp-json\/wp\/v2\/media?parent=100"}],"curies":[{"name":"wp","href":"https:\/\/api.w.org\/{rel}","templated":true}]}}