{"id":102,"date":"2019-04-18T11:37:29","date_gmt":"2019-04-18T11:37:29","guid":{"rendered":"https:\/\/portal.bbmri.it\/?page_id=102"},"modified":"2025-10-27T14:59:20","modified_gmt":"2025-10-27T13:59:20","slug":"common-service-qualita","status":"publish","type":"page","link":"https:\/\/www.bbmri.it\/en\/common-services\/common-service-qualita\/","title":{"rendered":"Common Service Quality"},"content":{"rendered":"<div data-elementor-type=\"wp-page\" data-elementor-id=\"102\" class=\"elementor elementor-102\" data-elementor-post-type=\"page\">\n\t\t\t\t\t\t<section class=\"elementor-section elementor-top-section elementor-element elementor-element-461ac716 elementor-section-boxed elementor-section-height-default elementor-section-height-default\" data-id=\"461ac716\" data-element_type=\"section\" data-e-type=\"section\">\n\t\t\t\t\t\t<div class=\"elementor-container elementor-column-gap-default\">\n\t\t\t\t\t<div class=\"elementor-column elementor-col-100 elementor-top-column elementor-element elementor-element-40b4998a\" data-id=\"40b4998a\" data-element_type=\"column\" data-e-type=\"column\">\n\t\t\t<div class=\"elementor-widget-wrap elementor-element-populated\">\n\t\t\t\t\t\t<div class=\"elementor-element elementor-element-500810a4 elementor-widget elementor-widget-text-editor\" data-id=\"500810a4\" data-element_type=\"widget\" data-e-type=\"widget\" data-widget_type=\"text-editor.default\">\n\t\t\t\t<div class=\"elementor-widget-container\">\n\t\t\t\t\t\t\t\t\t<div class=\"uk-card uk-card-default uk-card-hover uk-card-body\" style=\"width: 100%;\" align=\"justify\"><div class=\"translation-block\"><h3><strong>Come contattare il Common Service Qualit\u00e0 BBMRI.it?<\/strong><\/h3><p>Per contattarci invia una mail a\u00a0<a href=\"mailto:quality@bbmri.it\" target=\"_blank\" rel=\"noopener\">quality@bbmri.it<\/a>. Ti risponderemo al pi\u00f9 presto.<\/p><h3><strong>Che cos\u2019\u00e8 il Common Service Qualit\u00e0 di BBMRI.it?<\/strong><\/h3><p>Il\u00a0<i>Common Service Qualit\u00e0<\/i>\u00a0\u00e8 una struttura di servizio a supporto delle biobanche e ha il compito di:<\/p><ul class=\"uk-list uk-list-divider uk-list-large\"><li>fornire informazioni su Standard, Normative e buone pratiche<\/li><li>armonizzare le procedure operative e sviluppare criteri per l\u2019accreditamento e la certificazione delle biobanche,<\/li><li>promuovere e supportare l&#8217;implementazione dei criteri di gestione del <a href=\"#qualitainfrastruttura\">sistema qualit\u00e0 dell\u2019infrastruttura europea BBMRI-ERIC<\/a>, e l&#8217;ottenimento del &#8220;Quality Label BBMRI&#8221; nonch\u00e8 migliorare l\u2019interoperabilit\u00e0<\/li><li>promuovere la formazione sui temi della qualit\u00e0, anche attraverso gruppi di lavoro<\/li><\/ul><ul><\/ul><\/div><\/div>\t\t\t\t\t\t\t\t<\/div>\n\t\t\t\t<\/div>\n\t\t\t\t<div class=\"elementor-element elementor-element-6a21563 elementor-widget elementor-widget-text-editor\" data-id=\"6a21563\" data-element_type=\"widget\" data-e-type=\"widget\" data-widget_type=\"text-editor.default\">\n\t\t\t\t<div class=\"elementor-widget-container\">\n\t\t\t\t\t\t\t\t\t<div class=\"uk-card uk-card-default uk-card-hover uk-card-body\" style=\"width: 100%;\" align=\"justify\"><div class=\"translation-block\"><h3><strong style=\"font-family: -apple-system, BlinkMacSystemFont, 'Segoe UI', Roboto, 'Helvetica Neue', Arial, 'Noto Sans', sans-serif, 'Apple Color Emoji', 'Segoe UI Emoji', 'Segoe UI Symbol', 'Noto Color Emoji';\">Composizione del Common Service Qualit\u00e0 BBMRI.it<\/strong><\/h3><p>Il CSQ BBMRI.it \u00e8 coordinato da Monica Forni (QM lead BBMRI.it) e composto da:<\/p><ul class=\"uk-list uk-list-divider uk-list-large\"><li>Clara Benna<\/li><li>Elisa Cantarelli<\/li><li>Rosanna Cardani<\/li><li>Domenico Coviello<\/li><li>Alessandro De Grandi<\/li><li>Simone Lapi<\/li><\/ul><h3><\/h3><ul><\/ul><\/div><\/div>\t\t\t\t\t\t\t\t<\/div>\n\t\t\t\t<\/div>\n\t\t\t\t<div class=\"elementor-element elementor-element-411061e elementor-widget elementor-widget-text-editor\" data-id=\"411061e\" data-element_type=\"widget\" data-e-type=\"widget\" data-widget_type=\"text-editor.default\">\n\t\t\t\t<div class=\"elementor-widget-container\">\n\t\t\t\t\t\t\t\t\t<div class=\"uk-card uk-card-default uk-card-hover uk-card-body\" style=\"width: 100%;\" align=\"justify\">\n<div class=\"translation-block\">\n<h3><strong style=\"font-family: -apple-system, BlinkMacSystemFont, 'Segoe UI', Roboto, 'Helvetica Neue', Arial, 'Noto Sans', sans-serif, 'Apple Color Emoji', 'Segoe UI Emoji', 'Segoe UI Symbol', 'Noto Color Emoji';\">I gruppi di lavoro sulla qualit\u00e0 di BBMRI.it<\/strong><\/h3>\n<strong style=\"font-family: -apple-system, BlinkMacSystemFont, 'Segoe UI', Roboto, 'Helvetica Neue', Arial, 'Noto Sans', sans-serif, 'Apple Color Emoji', 'Segoe UI Emoji', 'Segoe UI Symbol', 'Noto Color Emoji';\">Gruppo di lavoro &#8211; Certificazione ISO9001, Quality Label BBMRI-ERIC e Accreditamento ISO20387<\/strong>\nCoordinato da Domenico Coviello e composto da:\n<ul class=\"uk-list uk-list-divider uk-list-large\">\n \t<li>Elisa Cantarelli<\/li>\n \t<li>Clara Benna<\/li>\n \t<li>Simone Lapi<\/li>\n \t<li>Alessandro De Grandi<\/li>\n \t<li>Gianna Di Giovamberardino<\/li>\n<\/ul>\n<ul><\/ul>\n<\/div>\n<\/div>\t\t\t\t\t\t\t\t<\/div>\n\t\t\t\t<\/div>\n\t\t\t\t<div class=\"elementor-element elementor-element-a09becd elementor-widget elementor-widget-n-accordion\" data-id=\"a09becd\" data-element_type=\"widget\" data-e-type=\"widget\" data-settings=\"{&quot;default_state&quot;:&quot;all_collapsed&quot;,&quot;max_items_expended&quot;:&quot;one&quot;,&quot;n_accordion_animation_duration&quot;:{&quot;unit&quot;:&quot;ms&quot;,&quot;size&quot;:400,&quot;sizes&quot;:[]}}\" data-widget_type=\"nested-accordion.default\">\n\t\t\t\t<div class=\"elementor-widget-container\">\n\t\t\t\t\t\t\t<div class=\"e-n-accordion\" aria-label=\"Accordion. Open links with Enter or Space, close with Escape, and navigate with Arrow Keys\">\n\t\t\t\t\t\t<details id=\"e-n-accordion-item-1680\" class=\"e-n-accordion-item\" >\n\t\t\t\t<summary class=\"e-n-accordion-item-title\" data-accordion-index=\"1\" tabindex=\"0\" aria-expanded=\"false\" aria-controls=\"e-n-accordion-item-1680\" >\n\t\t\t\t\t<span class='e-n-accordion-item-title-header'><div class=\"e-n-accordion-item-title-text\"> OBIETTIVI <\/div><\/span>\n\t\t\t\t\t\t\t<span class='e-n-accordion-item-title-icon'>\n\t\t\t<span class='e-opened' ><i aria-hidden=\"true\" class=\"fas fa-minus\"><\/i><\/span>\n\t\t\t<span class='e-closed'><i aria-hidden=\"true\" class=\"fas fa-plus\"><\/i><\/span>\n\t\t<\/span>\n\n\t\t\t\t\t\t<\/summary>\n\t\t\t\t<div role=\"region\" aria-labelledby=\"e-n-accordion-item-1680\" class=\"elementor-element elementor-element-bd64300 e-con-full e-flex e-con e-child\" data-id=\"bd64300\" data-element_type=\"container\" data-e-type=\"container\">\n\t\t\t\t<div class=\"elementor-element elementor-element-b907112 elementor-widget elementor-widget-text-editor\" data-id=\"b907112\" data-element_type=\"widget\" data-e-type=\"widget\" data-widget_type=\"text-editor.default\">\n\t\t\t\t<div class=\"elementor-widget-container\">\n\t\t\t\t\t\t\t\t\t<p><span>Il gruppo di lavoro ha l\u2019obiettivo di supportare le biobanche italiane nel percorso verso il riconoscimento e l\u2019adozione di standard internazionali di qualit\u00e0. Le principali attivit\u00e0 ed obiettivi includono:<\/span><span>\u00a0<\/span><\/p><p><span>&#8211; <strong>Aggiornamento della mappatura delle biobanche<\/strong> che hanno aderito a BBMRI.it tramite Partner Charter con verifica della loro posizione in merito a\u00a0<\/span><span>\u00a0<\/span><\/p><p><span>1) Certificazione ISO 9001\u00a0<\/span><span>\u00a0<\/span><\/p><p><span>2) Interesse a partecipare al Quality Label BBMRI-ERIC,\u00a0<\/span><span>\u00a0<\/span><\/p><p><span>3) Stato dell\u2019arte e interesse a intraprendere il percorso di accreditamento ISO 20387<\/span><span>\u00a0<\/span><\/p><p><span>&#8211; <strong>Supporto alle biobanche relativamente a<\/strong>:<\/span><span>\u00a0<\/span><\/p><ol><li><span>A) Percorso e importanza di ottenere la Certificazione ISO 9001<\/span><span><\/span><\/li><li><span>B) Significato e percorso verso la verifica delle competenze e non solo del sistema gestione della qualit\u00e0, tramite il percorso Quality Label BBMRI-ERIC, come tappa intermedia verso l\u2019Accreditamento ISO 20387<\/span><span><\/span><\/li><li><span>C) Compilazione del BBMRI-ERIC Self-Assessment Survey (SAS) <\/span><a href=\"https:\/\/www.bbmri-eric.eu\/services\/quality-management\/\"><span>https:\/\/www.bbmri-eric.eu\/services\/quality-management\/<\/span><\/a> <span><\/span><\/li><li><span>D) Condivisione delle indicazioni delle norme CEN\/TS relative alla ISO 20387<\/span><span><\/span><\/li><li><span>E) Identificazione delle criticit\u00e0 maggiori nei vari percorsi\u00a0<\/span><span><\/span><\/li><li><span>F) Discussione e analisi sul tema della sostenibilit\u00e0 del percorso di certificazione, con particolare attenzione agli aspetti organizzativi, economici e alle possibili forme di supporto condiviso<\/span><span><\/span><\/li><li><span>G) Pianificazione di viste on site per meglio valutare concretamente l\u2019applicazione della ISO 20387<\/span><span><\/span><\/li><\/ol><p><span>&#8211; <strong>Raccolta di proposte contributi dalle biobanche<\/strong>, per favorire un approccio collaborativo e condiviso al miglioramento continuo della qualit\u00e0.<\/span><span>\u00a0<\/span><\/p>\t\t\t\t\t\t\t\t<\/div>\n\t\t\t\t<\/div>\n\t\t\t\t<\/div>\n\t\t\t\t\t<\/details>\n\t\t\t\t\t<\/div>\n\t\t\t\t\t\t<\/div>\n\t\t\t\t<\/div>\n\t\t\t\t<div class=\"elementor-element elementor-element-4d38179 elementor-widget-divider--view-line elementor-widget elementor-widget-divider\" data-id=\"4d38179\" data-element_type=\"widget\" data-e-type=\"widget\" data-widget_type=\"divider.default\">\n\t\t\t\t<div class=\"elementor-widget-container\">\n\t\t\t\t\t\t\t<div class=\"elementor-divider\">\n\t\t\t<span class=\"elementor-divider-separator\">\n\t\t\t\t\t\t<\/span>\n\t\t<\/div>\n\t\t\t\t\t\t<\/div>\n\t\t\t\t<\/div>\n\t\t\t\t<div class=\"elementor-element elementor-element-a9f65c5 elementor-widget elementor-widget-text-editor\" data-id=\"a9f65c5\" data-element_type=\"widget\" data-e-type=\"widget\" data-widget_type=\"text-editor.default\">\n\t\t\t\t<div class=\"elementor-widget-container\">\n\t\t\t\t\t\t\t\t\t<div class=\"uk-card uk-card-default uk-card-hover uk-card-body\" style=\"width: 100%;\" align=\"justify\">\n<div class=\"translation-block\"><strong style=\"font-size: inherit; color: #666666; font-family: Roboto, Helvetica, Arial, sans-serif;\">Gruppo di lavoro &#8211; Controllo di qualit\u00e0 dei campioni<\/strong>\nCoordinato da Rosanna Cardani e composto da:\n<ul class=\"uk-list uk-list-divider uk-list-large\">\n \t<li style=\"list-style-type: none;\">\n<ul class=\"uk-list uk-list-divider uk-list-large\">\n \t<li>Simone Lapi<\/li>\n \t<li>Monica Marchese<\/li>\n \t<li>Massimo Gion<\/li>\n \t<li>Giovanni Cigliana<\/li>\n<li>Francesco Colaci<\/li>\n<\/ul>\n<\/li>\n<\/ul>\n<ul><\/ul>\n<\/div>\n<\/div>\t\t\t\t\t\t\t\t<\/div>\n\t\t\t\t<\/div>\n\t\t\t\t<div class=\"elementor-element elementor-element-b169403 elementor-widget elementor-widget-n-accordion\" data-id=\"b169403\" data-element_type=\"widget\" data-e-type=\"widget\" data-settings=\"{&quot;default_state&quot;:&quot;all_collapsed&quot;,&quot;max_items_expended&quot;:&quot;one&quot;,&quot;n_accordion_animation_duration&quot;:{&quot;unit&quot;:&quot;ms&quot;,&quot;size&quot;:400,&quot;sizes&quot;:[]}}\" data-widget_type=\"nested-accordion.default\">\n\t\t\t\t<div class=\"elementor-widget-container\">\n\t\t\t\t\t\t\t<div class=\"e-n-accordion\" aria-label=\"Accordion. Open links with Enter or Space, close with Escape, and navigate with Arrow Keys\">\n\t\t\t\t\t\t<details id=\"e-n-accordion-item-1860\" class=\"e-n-accordion-item\" >\n\t\t\t\t<summary class=\"e-n-accordion-item-title\" data-accordion-index=\"1\" tabindex=\"0\" aria-expanded=\"false\" aria-controls=\"e-n-accordion-item-1860\" >\n\t\t\t\t\t<span class='e-n-accordion-item-title-header'><div class=\"e-n-accordion-item-title-text\"> OBIETTIVI <\/div><\/span>\n\t\t\t\t\t\t\t<span class='e-n-accordion-item-title-icon'>\n\t\t\t<span class='e-opened' ><i aria-hidden=\"true\" class=\"fas fa-minus\"><\/i><\/span>\n\t\t\t<span class='e-closed'><i aria-hidden=\"true\" class=\"fas fa-plus\"><\/i><\/span>\n\t\t<\/span>\n\n\t\t\t\t\t\t<\/summary>\n\t\t\t\t<div role=\"region\" aria-labelledby=\"e-n-accordion-item-1860\" class=\"elementor-element elementor-element-727aff0 e-con-full e-flex e-con e-child\" data-id=\"727aff0\" data-element_type=\"container\" data-e-type=\"container\">\n\t\t\t\t<div class=\"elementor-element elementor-element-d8a039b elementor-widget elementor-widget-text-editor\" data-id=\"d8a039b\" data-element_type=\"widget\" data-e-type=\"widget\" data-widget_type=\"text-editor.default\">\n\t\t\t\t<div class=\"elementor-widget-container\">\n\t\t\t\t\t\t\t\t\t<p><span>Il gruppo di lavoro propone a BBMRI.it due filoni progettuali strategici: da un lato, <strong>studiare e standardizzare la stabilit\u00e0 degli analiti durante la conservazione<\/strong>, dall\u2019altro <strong>armonizzare le pratiche preanalitiche<\/strong> tra le biobanche, con l\u2019obiettivo comune di migliorare qualit\u00e0, comparabilit\u00e0 e affidabilit\u00e0 dei dati prodotti.<\/span><span>\u00a0<\/span><\/p><ol><li><span><strong> Stabilit\u00e0 degli analiti critici<\/strong><\/span><span><\/span><\/li><\/ol><ul><li><span><strong>Razionale<\/strong><\/span><span>: un campione con dati completi ma analiti instabili pu\u00f2 produrre risultati fuorvianti. La letteratura si concentra soprattutto sulla fase pre-conservazione, mentre manca attenzione alla stabilit\u00e0 durante il congelamento.<\/span><span><\/span><\/li><li><span><strong>Fase 1<\/strong><\/span><span>: revisione sistematica della letteratura per verificare programmi esistenti, individuare analiti fragili e studi di monitoraggio sulla stabilit\u00e0 nel tempo.<\/span><span><\/span><\/li><li><span><strong>Fase 2<\/strong><\/span><span>:<\/span><span><\/span><\/li><li><span>se esistono gi\u00e0 programmi, adattarli e testarli con un protocollo pilota;<\/span><span><\/span><\/li><li><span>se non esistono, progettare un protocollo multicentrico che prevede la distribuzione di sieri di controllo a biobanche pilota, con analisi periodiche per valutare la variabilit\u00e0 della stabilit\u00e0 nel tempo e fra biobanche.<\/span><span><\/span><\/li><li><span><strong>Obiettivo<\/strong><\/span><span>: fornire dati prospettici sulla stabilit\u00e0 degli analiti critici, offrendo feedback alle biobanche e posizionando BBMRI.it come riferimento internazionale.<\/span><span><\/span><\/li><\/ul><ol start=\"2\"><li><span><strong> Armonizzazione della fase preanalitica<\/strong><\/span><span><\/span><\/li><\/ol><ul><li><span><strong>Razionale<\/strong><\/span><span>: piccole differenze nelle procedure di raccolta e preparazione dei campioni possono influenzare in modo significativo i risultati analitici.<\/span><span><\/span><\/li><li><span><strong>Attivit\u00e0 proposte<\/strong><\/span><span>:<\/span><span><\/span><\/li><li><span>mappatura delle procedure preanalitiche (siero, plasma, PBMC, ecc.) adottate dalle biobanche di BBMRI.it;<\/span><span><\/span><\/li><li><span>definizione di intervalli di tolleranza (tempi, modalit\u00e0 operative) basati su prassi e letteratura;<\/span><span><\/span><\/li><li><span>redazione di istruzioni operative di indirizzo per uniformare la preanalitica all\u2019interno della rete.<\/span><\/li><\/ul>\t\t\t\t\t\t\t\t<\/div>\n\t\t\t\t<\/div>\n\t\t\t\t<\/div>\n\t\t\t\t\t<\/details>\n\t\t\t\t\t<\/div>\n\t\t\t\t\t\t<\/div>\n\t\t\t\t<\/div>\n\t\t\t\t<div class=\"elementor-element elementor-element-d364076 elementor-widget-divider--view-line elementor-widget elementor-widget-divider\" data-id=\"d364076\" data-element_type=\"widget\" data-e-type=\"widget\" data-widget_type=\"divider.default\">\n\t\t\t\t<div class=\"elementor-widget-container\">\n\t\t\t\t\t\t\t<div class=\"elementor-divider\">\n\t\t\t<span class=\"elementor-divider-separator\">\n\t\t\t\t\t\t<\/span>\n\t\t<\/div>\n\t\t\t\t\t\t<\/div>\n\t\t\t\t<\/div>\n\t\t\t\t<div class=\"elementor-element elementor-element-f04fe8c elementor-widget elementor-widget-text-editor\" data-id=\"f04fe8c\" data-element_type=\"widget\" data-e-type=\"widget\" data-widget_type=\"text-editor.default\">\n\t\t\t\t<div class=\"elementor-widget-container\">\n\t\t\t\t\t\t\t\t\t<div class=\"uk-card uk-card-default uk-card-hover uk-card-body\" style=\"width: 100%;\" align=\"justify\"><div class=\"translation-block\"><h3><strong style=\"font-family: -apple-system, BlinkMacSystemFont, 'Segoe UI', Roboto, 'Helvetica Neue', Arial, 'Noto Sans', sans-serif, 'Apple Color Emoji', 'Segoe UI Emoji', 'Segoe UI Symbol', 'Noto Color Emoji';\">I servizi per la qualit\u00e0 di BBMRI-ERIC e il contributo di BBMRI.it<\/strong><\/h3><p>BBMRI-ERIC QUALITY MANAGEMENT SERVICES FOR BASIC AND APPLIED RESEARCH (<a href=\"http:\/\/www.bbmri-eric.eu\/services\/quality-management\/\">LINK<\/a>)<\/p><ul class=\"uk-list uk-list-divider uk-list-large\"><li>Quality management \u00e8 uno dei servizi offerti dalla infrastruttura europea alla comunit\u00e0 scientifica. BBMRI.it partecipa attivamente, grazie all\u2019impegno di un gruppo di esperti, ai gruppi di lavoro sulla Qualit\u00e0, e ha contribuito alla costruzione degli strumenti on-line di autovalutazione delle biobanche che partecipano a BBMRI-ERIC<\/li><li>BBMRI-ERIC ha pubblicato il Self Assessment Survey (<a href=\"http:\/\/www.bbmri-eric.eu\/services\/self-assessment-survey\/\">LINK<\/a>)\u00a0 relativo ai requisiti di qualit\u00e0 per le biobanche. La compilazione del SAS \u00e8 il primo passo da compiere per ottenere il Quality Label BBMRI-ERIC (<a href=\"https:\/\/www.bbmri-eric.eu\/services\/auditing-and-quality-label\/\" target=\"_blank\" rel=\"noopener\">LINK<\/a>).Gli esperti BBMRI.it che hanno partecipato alla realizzazione di questi strumenti di autovalutazione sono Alberto Bardelli, Serena Bonin, Maria Grazia Daidone, Marialuisa Lavitrano, Rita Lawlor, Barbara Parodi, Anna Sapino, Giorgio Stanta e Paola Turano<\/li><\/ul><h3 id=\"buonepratiche\"><strong>Buone pratiche per l\u2019uso di linee cellulari<\/strong><\/h3><ul><li>Scarica le Buone pratiche per l\u2019utilizzo di linee cellulari stabilizzate.\u00a0 (<a href=\"https:\/\/repository.bbmri.it\/s\/Nd4t5NCZPcb9Ybn\">DOWNLOAD<\/a>)<\/li><li>Visita il sito dell\u2019International Cell Line Authentication Committee (<a href=\"https:\/\/iclac.org\/\">LINK<\/a>).<\/li><li>Verifica su Cellosaurus (<a href=\"https:\/\/web.expasy.org\/cgi-bin\/cellosaurus\/search\">LINK<\/a>) le caratteristiche delle linee cellulari che stai utilizzando<\/li><\/ul><\/div><\/div>\t\t\t\t\t\t\t\t<\/div>\n\t\t\t\t<\/div>\n\t\t\t\t\t<\/div>\n\t\t<\/div>\n\t\t\t\t\t<\/div>\n\t\t<\/section>\n\t\t\t\t<\/div>","protected":false},"excerpt":{"rendered":"<p>Come contattare il Common Service Qualit\u00e0 BBMRI.it? Per contattarci invia una mail a\u00a0quality@bbmri.it. Ti risponderemo al pi\u00f9 presto. Che cos\u2019\u00e8 il Common Service Qualit\u00e0 di BBMRI.it? Il\u00a0Common Service Qualit\u00e0\u00a0\u00e8 una struttura di servizio a supporto delle biobanche e ha il compito di: fornire informazioni su Standard, Normative e buone pratiche [&hellip;]<\/p>\n","protected":false},"author":1,"featured_media":0,"parent":96,"menu_order":0,"comment_status":"closed","ping_status":"closed","template":"page-templates\/template-fullwidth.php","meta":{"footnotes":""},"class_list":["post-102","page","type-page","status-publish","hentry"],"publishpress_future_action":{"enabled":false,"date":"2026-05-11 11:20:52","action":"change-status","newStatus":"draft","terms":[],"taxonomy":"","extraData":[]},"publishpress_future_workflow_manual_trigger":{"enabledWorkflows":[]},"_links":{"self":[{"href":"https:\/\/www.bbmri.it\/en\/wp-json\/wp\/v2\/pages\/102","targetHints":{"allow":["GET"]}}],"collection":[{"href":"https:\/\/www.bbmri.it\/en\/wp-json\/wp\/v2\/pages"}],"about":[{"href":"https:\/\/www.bbmri.it\/en\/wp-json\/wp\/v2\/types\/page"}],"author":[{"embeddable":true,"href":"https:\/\/www.bbmri.it\/en\/wp-json\/wp\/v2\/users\/1"}],"replies":[{"embeddable":true,"href":"https:\/\/www.bbmri.it\/en\/wp-json\/wp\/v2\/comments?post=102"}],"version-history":[{"count":27,"href":"https:\/\/www.bbmri.it\/en\/wp-json\/wp\/v2\/pages\/102\/revisions"}],"predecessor-version":[{"id":3160,"href":"https:\/\/www.bbmri.it\/en\/wp-json\/wp\/v2\/pages\/102\/revisions\/3160"}],"up":[{"embeddable":true,"href":"https:\/\/www.bbmri.it\/en\/wp-json\/wp\/v2\/pages\/96"}],"wp:attachment":[{"href":"https:\/\/www.bbmri.it\/en\/wp-json\/wp\/v2\/media?parent=102"}],"curies":[{"name":"wp","href":"https:\/\/api.w.org\/{rel}","templated":true}]}}