{"id":125,"date":"2019-04-18T12:21:58","date_gmt":"2019-04-18T12:21:58","guid":{"rendered":"https:\/\/portal.bbmri.it\/?page_id=125"},"modified":"2019-11-07T12:40:06","modified_gmt":"2019-11-07T11:40:06","slug":"architettura-del-nodo","status":"publish","type":"page","link":"https:\/\/www.bbmri.it\/en\/nodo-nazionale\/architettura-del-nodo\/","title":{"rendered":"Node Architecture"},"content":{"rendered":"<div class=\"uk-card uk-card-default uk-card-hover uk-card-body\" align=\"justify\">\n<div class=\"translation-block\">\n<p>La maggior parte delle biobanche e centri di risorse biologiche italiani partecipano a reti tematiche, nazionali, europee ed internazionali. In Italia le biobanche, in gran parte, si trovano e operano presso strutture e istituzioni (es. ospedali, IRCCS) inserite nel (o collegate al) sistema sanitario nazionale e pertanto sono sostenute direttamente o indirettamente dalle Regioni. Le Regioni, inoltre, in base ad un accordo della Conferenza permanente Stato-Regioni del 25 Marzo 2009, nell&#8217;ambito del territorio di competenza, sono anche responsabili dell\u2019autorizzazione delle biobanche.<\/p>\n<p>Sulla base di questo panorama, il Nodo Italiano propone un modello di architettura a matrice per il network delle biobanche afferenti a BBMRI.it. Ciascuna biobanca idealmente \u00e8 inserita in una rete tematica (genetica, di popolazione, oncologica ecc.) e in una rete regionale.<\/p>\n<p>In riferimento a questo modello, BBMRI.it ha avviato un progetto pilota con diverse Regioni, per il censimento e la valutazione di tutte le biobanche presenti sul territorio con l\u2019obiettivo di creare un catalogo regionale, ridurre il frazionamento, migliorare la qualit\u00e0 delle biobanche e progettarne la sostenibilit\u00e0 a lungo termine. BBMRI.it collabora attivamente con altre iniziative Regionali al fine di organizzare le attivit\u00e0 legate al biobanking.<\/p>\n<p><center><br \/>\n<img decoding=\"async\" src=\"https:\/\/www.bbmri.it\/wp-content\/uploads\/2019\/04\/architettura_2.png\" \/><\/center><\/div>\n<\/div>","protected":false},"excerpt":{"rendered":"<p>La maggior parte delle biobanche e centri di risorse biologiche italiani partecipano a reti tematiche, nazionali, europee ed internazionali. In Italia le biobanche, in gran parte, si trovano e operano presso strutture e istituzioni (es. ospedali, IRCCS) inserite nel (o collegate al) sistema sanitario nazionale e pertanto sono sostenute direttamente [&hellip;]<\/p>\n","protected":false},"author":1,"featured_media":0,"parent":117,"menu_order":0,"comment_status":"closed","ping_status":"closed","template":"page-templates\/template-fullwidth.php","meta":{"footnotes":""},"class_list":["post-125","page","type-page","status-publish","hentry"],"publishpress_future_action":{"enabled":false,"date":"2026-05-21 18:51:28","action":"change-status","newStatus":"draft","terms":[],"taxonomy":"","extraData":[]},"publishpress_future_workflow_manual_trigger":{"enabledWorkflows":[]},"_links":{"self":[{"href":"https:\/\/www.bbmri.it\/en\/wp-json\/wp\/v2\/pages\/125","targetHints":{"allow":["GET"]}}],"collection":[{"href":"https:\/\/www.bbmri.it\/en\/wp-json\/wp\/v2\/pages"}],"about":[{"href":"https:\/\/www.bbmri.it\/en\/wp-json\/wp\/v2\/types\/page"}],"author":[{"embeddable":true,"href":"https:\/\/www.bbmri.it\/en\/wp-json\/wp\/v2\/users\/1"}],"replies":[{"embeddable":true,"href":"https:\/\/www.bbmri.it\/en\/wp-json\/wp\/v2\/comments?post=125"}],"version-history":[{"count":8,"href":"https:\/\/www.bbmri.it\/en\/wp-json\/wp\/v2\/pages\/125\/revisions"}],"predecessor-version":[{"id":995,"href":"https:\/\/www.bbmri.it\/en\/wp-json\/wp\/v2\/pages\/125\/revisions\/995"}],"up":[{"embeddable":true,"href":"https:\/\/www.bbmri.it\/en\/wp-json\/wp\/v2\/pages\/117"}],"wp:attachment":[{"href":"https:\/\/www.bbmri.it\/en\/wp-json\/wp\/v2\/media?parent=125"}],"curies":[{"name":"wp","href":"https:\/\/api.w.org\/{rel}","templated":true}]}}