{"id":1266,"date":"2020-04-01T09:14:28","date_gmt":"2020-04-01T07:14:28","guid":{"rendered":"https:\/\/www.bbmri.it\/?page_id=1266"},"modified":"2020-04-03T23:11:41","modified_gmt":"2020-04-03T21:11:41","slug":"assetto-etico-normativo","status":"publish","type":"page","link":"https:\/\/www.bbmri.it\/en\/nodo-nazionale\/elsi-covid\/assetto-etico-normativo\/","title":{"rendered":"Regulatory-Ethical Framework"},"content":{"rendered":"\t\t<div data-elementor-type=\"wp-page\" data-elementor-id=\"1266\" class=\"elementor elementor-1266\" data-elementor-post-type=\"page\">\n\t\t\t\t\t\t<section class=\"elementor-section elementor-top-section elementor-element elementor-element-c55071a elementor-section-boxed elementor-section-height-default elementor-section-height-default\" data-id=\"c55071a\" data-element_type=\"section\" data-e-type=\"section\">\n\t\t\t\t\t\t<div class=\"elementor-container elementor-column-gap-default\">\n\t\t\t\t\t<div class=\"elementor-column elementor-col-100 elementor-top-column elementor-element elementor-element-b83b554\" data-id=\"b83b554\" data-element_type=\"column\" data-e-type=\"column\">\n\t\t\t<div class=\"elementor-widget-wrap elementor-element-populated\">\n\t\t\t\t\t\t<div class=\"elementor-element elementor-element-b751739 elementor-widget elementor-widget-text-editor\" data-id=\"b751739\" data-element_type=\"widget\" data-e-type=\"widget\" data-widget_type=\"text-editor.default\">\n\t\t\t\t<div class=\"elementor-widget-container\">\n\t\t\t\t\t\t\t\t\t<div class=\"uk-card uk-card-default uk-card-hover uk-card-body\" align=\"justify\">\n<div class=\"translation-block\">\n<p>Di seguito si condividono i riferimenti etici-normativi per un biobancaggio informato, con una speciale attenzione ai limiti dettati dalle circostanze sanitarie e dalle condizioni di vulnerabilit\u00e0 in cui potrebbe trovarsi la persona, cui si propone il biobancaggio, nel momento della prima raccolta. I documenti proposti sono sia atti legislativi con valore legale vincolante (Regolamento, Direttiva europei, Decreto Legislativo, Provvedimento, Autorizzazione\u2026) che documenti (Raccomandazione, Convenzione, Dichiarazione\u2026) che indirizzano, raccomandano le buone pratiche ma non sono vincolanti.<\/p>\n<\/div>\n<\/div>\t\t\t\t\t\t\t\t<\/div>\n\t\t\t\t<\/div>\n\t\t\t\t<div class=\"elementor-element elementor-element-9882cab elementor-invisible elementor-widget elementor-widget-accordion\" data-id=\"9882cab\" data-element_type=\"widget\" data-e-type=\"widget\" data-settings=\"{&quot;_animation&quot;:&quot;fadeIn&quot;}\" data-widget_type=\"accordion.default\">\n\t\t\t\t<div class=\"elementor-widget-container\">\n\t\t\t\t\t\t\t<div class=\"elementor-accordion\">\n\t\t\t\t\t\t\t<div class=\"elementor-accordion-item\">\n\t\t\t\t\t<h6 id=\"elementor-tab-title-1591\" class=\"elementor-tab-title\" data-tab=\"1\" role=\"button\" aria-controls=\"elementor-tab-content-1591\" aria-expanded=\"false\">\n\t\t\t\t\t\t\t\t\t\t\t\t\t<span class=\"elementor-accordion-icon elementor-accordion-icon-left\" aria-hidden=\"true\">\n\t\t\t\t\t\t\t\t\t\t\t\t\t\t\t<span class=\"elementor-accordion-icon-closed\"><i class=\"fas fa-plus\"><\/i><\/span>\n\t\t\t\t\t\t\t\t<span class=\"elementor-accordion-icon-opened\"><i class=\"fas fa-minus\"><\/i><\/span>\n\t\t\t\t\t\t\t\t\t\t\t\t\t\t<\/span>\n\t\t\t\t\t\t\t\t\t\t\t\t<a class=\"elementor-accordion-title\" tabindex=\"0\">IN EMERGENZA: \u201cRaccolta, conservazione e utilizzo dei materiali biologici e dei dati associati\u201d- Biobancaggio informato per la ricerca<\/a>\n\t\t\t\t\t<\/h6>\n\t\t\t\t\t<div id=\"elementor-tab-content-1591\" class=\"elementor-tab-content elementor-clearfix\" data-tab=\"1\" role=\"region\" aria-labelledby=\"elementor-tab-title-1591\"><div class=\"translation-block\"><strong>Decreto-legge n. 14 del 9 marzo 2020, Disposizioni per il potenziamento del Servizio sanitario nazionale in relazione all\u2019emergenza COVID-19.\u00a0<\/strong><p><\/p><p><strong>In particolare, l\u2019art. 14. <\/strong><strong>\u00a0\u00a0\u00a0\u00a0\u00a0\u00a0\u00a0\u00a0\u00a0\u00a0\u00a0\u00a0\u00a0\u00a0\u00a0\u00a0 <\/strong><\/p><p>Il trattamento dei dati raccolti deve avvenire nel rispetto dei principi di cui all\u2019art. 5 del GDPR adottando misure proporzionali rispetto alla necessit\u00e0, tenuto conto della situazione emergenziale in atto. L&#8217;art. 14 del decreto legge [9 marzo 2020, n. 14] prevede, fino al termine dello stato di emergenza [deliberato in data 31 gennaio 2020], la possibilit\u00e0 di semplificare alcuni aspetti dei trattamenti di dati personali [per motivi di interesse pubblico nel settore della sanit\u00e0 pubblica e, in particolare, per garantire la protezione dall&#8217;emergenza sanitaria mediante adeguate misure di profilassi, nonch\u00e9 per assicurare la diagnosi e l&#8217;assistenza sanitaria dei contagiati ovvero la gestione emergenziale del Servizio sanitario nazionale].<\/p><p>In particolare, il comma 5 dell&#8217;articolo introduce la possibilit\u00e0 di omettere l&#8217;informativa di cui all&#8217;articolo 13 del GDPR o di fornire un&#8217;informativa semplificata, previa comunicazione orale agli interessati della limitazione. Il comma 4 consente al titolare o al responsabile del trattamento di attribuire, sotto la propria responsabilit\u00e0 e nell&#8217;ambito del proprio assetto organizzativo, specifici compiti e funzioni connessi al trattamento di dati personali a persone fisiche, espressamente designate, che operano sotto la loro autorit\u00e0, con modalit\u00e0 semplificate, anche oralmente. \u201cAl termine dello stato di emergenza di\u00a0 cui\u00a0 alla\u00a0 delibera\u00a0 del Consiglio dei ministri del 31 gennaio 2020,\u00a0 i\u00a0 soggetti\u00a0 di \u00a0cui\u00a0 al comma 1 (ovvero il personale sanitario)\u00a0 adottano misure idonee a ricondurre\u00a0 i\u00a0 trattamenti\u00a0 di\u00a0 dati personali effettuati nel contesto\u00a0 dell&#8217;emergenza,\u00a0 all&#8217;ambito\u00a0 delle ordinarie competenze e delle regole che disciplinano i trattamenti di dati personali.<\/p><p><a href=\"https:\/\/www.gazzettaufficiale.it\/eli\/id\/2020\/03\/09\/20G00030\/sg\">https:\/\/www.gazzettaufficiale.it\/eli\/id\/2020\/03\/09\/20G00030\/sg<\/a><\/p><p><\/p><p><strong>Comitato Europeo per la Protezione dei Dati (EDPB) &#8211; Dichiarazione sul trattamento dei dati personali nel contesto dell\u2019epidemia di COVID-19<\/strong><\/p><p>\u201c2. <em>Principi fondamentali relativi al trattamento dei dati personali<\/em><\/p><p>I dati personali necessari per conseguire gli obiettivi perseguiti dovrebbero essere trattati per finalit\u00e0 specifiche ed esplicite. Inoltre, gli interessati dovrebbero ricevere <strong>informazioni trasparenti<\/strong> sulle attivit\u00e0 di trattamento svolte e sulle loro caratteristiche principali, <strong>compreso il periodo di conservazione dei dati raccolti e le finalit\u00e0 del trattamento<\/strong>. Le informazioni dovrebbero essere facilmente accessibili e formulate in un linguaggio semplice e chiaro.\u201d<\/p><p><a href=\"https:\/\/www.garanteprivacy.it\/web\/guest\/home\/docweb\/-\/docweb-display\/docweb\/9295504\">https:\/\/www.garanteprivacy.it\/web\/guest\/home\/docweb\/-\/docweb-display\/docweb\/9295504<\/a><\/p><p><strong>\u00a0<\/strong><\/p><p><strong>EMA. Guidance on the Management of Clinical Trials during the COVID-19 (Coronavirus) pandemic. Version 2 (27\/03\/2020)<\/strong><\/p><p>Per analogia, dalla raccomandazione dell\u2019EMA per la gestione degli studi clinici durante la pandemia COVID-19:<\/p><p><strong>\u201c<\/strong><em>8. Changes to informed consent<\/em><\/p><p><strong>I<\/strong>n case of acute life-threatening situations, where it is not possible within the therapeutic window to obtain prior informed consent from the patient (or her\/his legal representatives(s)), informed consent will need to be acquired later, when this is allowed in national legislation. In these cases, the investigator is expected to record why it was not possible to obtain consent from the participant prior to enrollment\u201d.<\/p><p><a href=\"https:\/\/ec.europa.eu\/health\/sites\/health\/files\/files\/eudralex\/vol-10\/guidanceclinicaltrials_covid19_en.pdf\">https:\/\/ec.europa.eu\/health\/sites\/health\/files\/files\/eudralex\/vol-10\/guidanceclinicaltrials_covid19_en.pdf<\/a><strong>\u00a0\u00a0\u00a0\u00a0\u00a0\u00a0\u00a0\u00a0\u00a0\u00a0\u00a0\u00a0\u00a0\u00a0\u00a0\u00a0\u00a0\u00a0\u00a0\u00a0\u00a0\u00a0\u00a0\u00a0\u00a0\u00a0\u00a0\u00a0 <\/strong><\/p><p><strong>\u00a0\u00a0\u00a0\u00a0\u00a0\u00a0\u00a0\u00a0\u00a0\u00a0\u00a0\u00a0\u00a0\u00a0\u00a0\u00a0\u00a0\u00a0\u00a0\u00a0\u00a0\u00a0\u00a0\u00a0\u00a0\u00a0\u00a0\u00a0\u00a0\u00a0\u00a0\u00a0\u00a0\u00a0\u00a0\u00a0\u00a0\u00a0\u00a0\u00a0\u00a0\u00a0\u00a0\u00a0\u00a0\u00a0 <\/strong><\/p><p><strong>World Medical Association, Dichiarazione di Helsinki 2013<\/strong><\/p><p><strong>\u00a0<\/strong><strong><em>\u201c30. <\/em><\/strong>La ricerca che coinvolge soggetti fisicamente o mentalmente incapaci di fornire il consenso (es. pazienti non coscienti) pu\u00f2 essere condotta solo se<\/p><p>(1\u00b0). la condizione fisica o mentale che impedisce di fornire il consenso informato \u00e8 un imprescindibile criterio di inclusione nello studio In queste situazioni il medico deve acquisire il consenso informato dal rappresentante legale. Se questo non \u00e8 disponibile e la ricerca non pu\u00f2 essere differita, lo studio pu\u00f2 procedere senza consenso informato<\/p><p>(2\u00b0) a condizione che le <u>ragioni specifiche <\/u>per coinvolgere i soggetti con una condizione che li rende incapaci di fornire il consenso informato siano state <u>dichiarate nel protocollo di ricerca<\/u><\/p><p>(3\u00b0) e lo studio sia stato <u>approvato da un comitato etico<\/u>.<\/p><p><strong><em>\u00a0Il consenso sulla permanenza del partecipante nella ricerca deve essere ottenuto il prima possibile dal soggetto stesso o dal suo rappresentante legale.\u201d<\/em><\/strong><\/p><p><a href=\"https:\/\/www.evidence.it\/articoli\/pdf\/e1000059.pdf\">https:\/\/www.evidence.it\/articoli\/pdf\/e1000059.pdf<\/a><\/p><p><strong>\u00a0<\/strong><\/p><p><strong>Unesco, Dichiarazione universale sulla bioetica e i diritti umani, 2005<\/strong><\/p><p><strong>\u00a0<\/strong><strong><em>\u201cArticolo 8. Rispetto per la vulnerabilit\u00e0 umana e per l\u2019integrit\u00e0 della persona<\/em><\/strong><strong><em>\u2028<\/em><\/strong><\/p><p><em>Nell\u2019applicazione e nell\u2019avanzamento della conoscenza scientifica, della pratica medica e delle tecnologie associate, si deve tenere in considerazione la vulnerabilit\u00e0 della persona umana. Gli individui e i gruppi in situazione di particolare vulnerabilit\u00e0 devono essere protetti e l\u2019integrit\u00e0 personale di tali individui dovr\u00e0 essere rispettata.\u201d<\/em><\/p><p><a href=\"https:\/\/unesdoc.unesco.org\/ark:\/48223\/pf0000146180\">https:\/\/unesdoc.unesco.org\/ark:\/48223\/pf0000146180<\/a><\/p><\/div><\/div>\n\t\t\t\t<\/div>\n\t\t\t\t\t\t\t<div class=\"elementor-accordion-item\">\n\t\t\t\t\t<h6 id=\"elementor-tab-title-1592\" class=\"elementor-tab-title\" data-tab=\"2\" role=\"button\" aria-controls=\"elementor-tab-content-1592\" aria-expanded=\"false\">\n\t\t\t\t\t\t\t\t\t\t\t\t\t<span class=\"elementor-accordion-icon elementor-accordion-icon-left\" aria-hidden=\"true\">\n\t\t\t\t\t\t\t\t\t\t\t\t\t\t\t<span class=\"elementor-accordion-icon-closed\"><i class=\"fas fa-plus\"><\/i><\/span>\n\t\t\t\t\t\t\t\t<span class=\"elementor-accordion-icon-opened\"><i class=\"fas fa-minus\"><\/i><\/span>\n\t\t\t\t\t\t\t\t\t\t\t\t\t\t<\/span>\n\t\t\t\t\t\t\t\t\t\t\t\t<a class=\"elementor-accordion-title\" tabindex=\"0\">Biobancaggio informato in circostanze non emergenziali<\/a>\n\t\t\t\t\t<\/h6>\n\t\t\t\t\t<div id=\"elementor-tab-content-1592\" class=\"elementor-tab-content elementor-clearfix\" data-tab=\"2\" role=\"region\" aria-labelledby=\"elementor-tab-title-1592\"><div class=\"translation-block\">\n<ul>\n \t<li><strong>Provvedimento recante le prescrizioni relative al trattamento di categorie particolari di dati, ai sensi dell\u2019art. 21, comma 1 del d.lgs. 10 agosto 2018, n. 101<\/strong><\/li>\n<\/ul>\n<a href=\"https:\/\/www.garanteprivacy.it\/web\/guest\/home\/docweb\/-\/docweb-display\/docweb\/9124510\">https:\/\/www.garanteprivacy.it\/web\/guest\/home\/docweb\/-\/docweb-display\/docweb\/9124510<\/a>\n<ul>\n \t<li><strong>Regolamento (UE) n.679\/2016 del Parlamento europeo e del Consiglio, del 27 aprile 2016, sulla Protezione Generale dei Dati (GDPR), in particolare 5-7, 13<\/strong><\/li>\n<\/ul>\n<a href=\"https:\/\/www.garanteprivacy.it\/documents\/10160\/0\/Regolamento+UE+2016+679.+Arricchito+con+riferimenti+ai+Considerando+Aggiornato+alle+rettifiche+pubblicate+sulla+Gazzetta+Ufficiale++dell%27Unione+europea+127+del+23+maggio+2018\">https:\/\/www.garanteprivacy.it\/documents\/10160\/0\/Regolamento+UE+2016+679.+Arricchito+con+riferimenti+ai+Considerando+Aggiornato+alle+rettifiche+pubblicate+sulla+Gazzetta+Ufficiale++dell%27Unione+europea+127+del+23+maggio+2018<\/a>\n<ul>\n \t<li><strong>Recommendation<\/strong><a href=\"https:\/\/search.coe.int\/cm\/Pages\/result_details.aspx?Reference=CM\/Rec(2016)6\"><strong> CM\/Rec(2016)6<\/strong><\/a><strong> of the Committee of Ministers to member States on research on biological materials of human origin<\/strong><\/li>\n<\/ul>\n<a href=\"https:\/\/search.coe.int\/cm\/Pages\/result_details.aspx?ObjectId=090000168064e900\">https:\/\/search.coe.int\/cm\/Pages\/result_details.aspx?ObjectId=090000168064e900<\/a>\n<ul>\n \t<li><strong>WMA Declaration of Taipei on Ethical Considerations regarding Health Databases and Biobanks, 2016<\/strong><\/li>\n<\/ul>\n<a href=\"https:\/\/www.wma.net\/policies-post\/wma-declaration-of-taipei-on-ethical-considerations-regarding-health-databases-and-biobanks\/\">https:\/\/www.wma.net\/policies-post\/wma-declaration-of-taipei-on-ethical-considerations-regarding-health-databases-and-biobanks\/<\/a>\n<ul>\n \t<li><strong>Regolamento (UE) n. 536\/2014 del Parlamento europeo e del Consiglio, del 16 aprile 2014, sulla sperimentazione clinica, in particolare CAP. V<\/strong><\/li>\n<\/ul>\n<a href=\"https:\/\/eur-lex.europa.eu\/legal-content\/IT\/TXT\/PDF\/?uri=CELEX:32014R0536&amp;from=IT\">https:\/\/eur-lex.europa.eu\/legal-content\/IT\/TXT\/PDF\/?uri=CELEX:32014R0536&amp;from=IT<\/a>\n<\/div><\/div>\n\t\t\t\t<\/div>\n\t\t\t\t\t\t\t<div class=\"elementor-accordion-item\">\n\t\t\t\t\t<h6 id=\"elementor-tab-title-1593\" class=\"elementor-tab-title\" data-tab=\"3\" role=\"button\" aria-controls=\"elementor-tab-content-1593\" aria-expanded=\"false\">\n\t\t\t\t\t\t\t\t\t\t\t\t\t<span class=\"elementor-accordion-icon elementor-accordion-icon-left\" aria-hidden=\"true\">\n\t\t\t\t\t\t\t\t\t\t\t\t\t\t\t<span class=\"elementor-accordion-icon-closed\"><i class=\"fas fa-plus\"><\/i><\/span>\n\t\t\t\t\t\t\t\t<span class=\"elementor-accordion-icon-opened\"><i class=\"fas fa-minus\"><\/i><\/span>\n\t\t\t\t\t\t\t\t\t\t\t\t\t\t<\/span>\n\t\t\t\t\t\t\t\t\t\t\t\t<a class=\"elementor-accordion-title\" tabindex=\"0\">Biobancaggio post mortem<\/a>\n\t\t\t\t\t<\/h6>\n\t\t\t\t\t<div id=\"elementor-tab-content-1593\" class=\"elementor-tab-content elementor-clearfix\" data-tab=\"3\" role=\"region\" aria-labelledby=\"elementor-tab-title-1593\"><div class=\"translation-block\"><strong>LEGGE 10 febbraio 2020, n. 10. Norme in materia di disposizione del proprio corpo e dei tessuti post mortem a fini di studio, di formazione e di ricerca scientifica\u00a0<\/strong><p><\/p><p>La legge, in vigore dal 19 marzo scorso, norma \u201cin materia di disposizione del proprio corpo e dei tessuti <em>post\u00a0 mortem<\/em>\u00a0 a\u00a0 fini\u00a0 di\u00a0 studio,\u00a0 di formazione e di ricerca scientifica da parte di\u00a0 soggetti\u00a0 che\u00a0 hanno espresso in vita il loro\u00a0 consenso (art.1)\u201d. \u00a0\u00a0Le modalit\u00e0 e i requisiti del <strong>consenso alla donazione post mortem del proprio corpo<\/strong> sono stabilite dall\u2019articolo 3: la dichiarazione di consenso deve essere redatta, in analogia con la Legge n.219\/2017 sul consenso informato e sulle DAT, nelle forme previste per le dichiarazioni anticipate di trattamento (DAT), vale a dire per atto pubblico, per scrittura privata autenticata o per scrittura privata consegnata personalmente dal disponente presso l&#8217;Ufficio dello stato civile del comune di residenza. Inoltre, la dichiarazione di consenso deve essere consegnata alla Asl di appartenenza a cui spetta il compito di conservarla e di trasmetterla telematicamente alla Banca dati DAT. La revoca al consenso pu\u00f2\u0300 essere effettuata in qualsiasi momento e con le modalit\u00e0\u0300 appena illustrate. A differenza della legge n. 219\/2017, la dichiarazione di consenso alla donazione <em>post mortem <\/em>prevede che venga obbligatoriamente indicato un fiduciario a cui spetta l&#8217;onere di comunicare al medico che accerta il decesso l&#8217;esistenza del consenso.<\/p><p><a href=\"https:\/\/www.gazzettaufficiale.it\/eli\/id\/2020\/03\/04\/20G00024\/sg\">https:\/\/www.gazzettaufficiale.it\/eli\/id\/2020\/03\/04\/20G00024\/sg<\/a><\/p><p><strong>\u00a0<\/strong><\/p><p><strong>Recommendation<\/strong> <a href=\"https:\/\/search.coe.int\/cm\/Pages\/result_details.aspx?Reference=CM\/Rec(2016)6\"><strong>CM\/Rec(2016)6<\/strong><\/a><strong> of the Committee of Ministers to member States on research on biological materials of human origin<\/strong><\/p><p><strong>\u00a0<\/strong><em>\u201c1.Biological materials should only be removed from the body of a deceased person for storage for future research with the consent or authorisation provided for by law. This consent or authorisation should have been preceded by appropriate information, including on the right to refuse.<\/em><\/p><ol start=\"2\"><li><em> Biological materials should not be removed for storage for future research if the deceased person is known to have objected to it.\u201d<\/em><\/li><\/ol><p><a href=\"https:\/\/search.coe.int\/cm\/Pages\/result_details.aspx?ObjectId=090000168064e900\">https:\/\/search.coe.int\/cm\/Pages\/result_details.aspx?ObjectId=090000168064e900<\/a><\/p><\/div><\/div>\n\t\t\t\t<\/div>\n\t\t\t\t\t\t\t\t<\/div>\n\t\t\t\t\t\t<\/div>\n\t\t\t\t<\/div>\n\t\t\t\t\t<\/div>\n\t\t<\/div>\n\t\t\t\t\t<\/div>\n\t\t<\/section>\n\t\t\t\t<section class=\"elementor-section elementor-top-section elementor-element elementor-element-690a3c4 elementor-section-boxed elementor-section-height-default elementor-section-height-default\" data-id=\"690a3c4\" data-element_type=\"section\" data-e-type=\"section\">\n\t\t\t\t\t\t<div class=\"elementor-container elementor-column-gap-default\">\n\t\t\t\t\t<div class=\"elementor-column elementor-col-100 elementor-top-column elementor-element elementor-element-29cf855\" data-id=\"29cf855\" data-element_type=\"column\" data-e-type=\"column\">\n\t\t\t<div class=\"elementor-widget-wrap elementor-element-populated\">\n\t\t\t\t\t\t<div class=\"elementor-element elementor-element-6433f06 elementor-widget elementor-widget-html\" data-id=\"6433f06\" data-element_type=\"widget\" data-e-type=\"widget\" data-widget_type=\"html.default\">\n\t\t\t\t<div class=\"elementor-widget-container\">\n\t\t\t\t\t<script> jQuery(document).ready(function($) { var delay = 100; setTimeout(function() { $('.elementor-tab-title').removeClass('elementor-active'); $('.elementor-tab-content').css('display', 'none'); }, delay); }); <\/script>\t\t\t\t<\/div>\n\t\t\t\t<\/div>\n\t\t\t\t\t<\/div>\n\t\t<\/div>\n\t\t\t\t\t<\/div>\n\t\t<\/section>\n\t\t\t\t<\/div>\n\t\t","protected":false},"excerpt":{"rendered":"<p>Di seguito si condividono i riferimenti etici-normativi per un biobancaggio informato, con una speciale attenzione ai limiti dettati dalle circostanze sanitarie e dalle condizioni di vulnerabilit\u00e0 in cui potrebbe trovarsi la persona, cui si propone il biobancaggio, nel momento della prima raccolta. I documenti proposti sono sia atti legislativi con [&hellip;]<\/p>\n","protected":false},"author":1,"featured_media":0,"parent":1258,"menu_order":0,"comment_status":"closed","ping_status":"closed","template":"page-templates\/template-fullwidth.php","meta":{"footnotes":""},"class_list":["post-1266","page","type-page","status-publish","hentry"],"publishpress_future_action":{"enabled":false,"date":"2026-05-19 08:12:37","action":"change-status","newStatus":"draft","terms":[],"taxonomy":"","extraData":[]},"publishpress_future_workflow_manual_trigger":{"enabledWorkflows":[]},"_links":{"self":[{"href":"https:\/\/www.bbmri.it\/en\/wp-json\/wp\/v2\/pages\/1266","targetHints":{"allow":["GET"]}}],"collection":[{"href":"https:\/\/www.bbmri.it\/en\/wp-json\/wp\/v2\/pages"}],"about":[{"href":"https:\/\/www.bbmri.it\/en\/wp-json\/wp\/v2\/types\/page"}],"author":[{"embeddable":true,"href":"https:\/\/www.bbmri.it\/en\/wp-json\/wp\/v2\/users\/1"}],"replies":[{"embeddable":true,"href":"https:\/\/www.bbmri.it\/en\/wp-json\/wp\/v2\/comments?post=1266"}],"version-history":[{"count":13,"href":"https:\/\/www.bbmri.it\/en\/wp-json\/wp\/v2\/pages\/1266\/revisions"}],"predecessor-version":[{"id":1451,"href":"https:\/\/www.bbmri.it\/en\/wp-json\/wp\/v2\/pages\/1266\/revisions\/1451"}],"up":[{"embeddable":true,"href":"https:\/\/www.bbmri.it\/en\/wp-json\/wp\/v2\/pages\/1258"}],"wp:attachment":[{"href":"https:\/\/www.bbmri.it\/en\/wp-json\/wp\/v2\/media?parent=1266"}],"curies":[{"name":"wp","href":"https:\/\/api.w.org\/{rel}","templated":true}]}}