{"id":153,"date":"2019-04-18T12:57:52","date_gmt":"2019-04-18T12:57:52","guid":{"rendered":"https:\/\/portal.bbmri.it\/?page_id=153"},"modified":"2019-11-07T12:42:05","modified_gmt":"2019-11-07T11:42:05","slug":"biobanche-e-malattie-rare","status":"publish","type":"page","link":"https:\/\/www.bbmri.it\/en\/nodo-nazionale\/gruppi-di-lavoro\/biobanche-e-malattie-rare\/","title":{"rendered":"Biobanks and Rare Diseases"},"content":{"rendered":"<div class=\"uk-card uk-card-default uk-card-hover uk-card-body\" align=\"justify\">\n<div class=\"translation-block\">\n<p><strong>Facilitatori<\/strong>&nbsp;Luca Sangiorgi, Matilde Valeria Ursini<\/p>\n<p><strong>Obiettivi<\/strong>&nbsp;1. creare una road map per l&#8217;implementazione della rete (engagement di nuove biobanche, nuove associazioni, network di biobanche europei); 2. creare i presupposti per nuove collaborazioni con altre infrastrutture, progetti e iniziative sulle malattie rare e consolidare le collaborazioni esistenti; 3. promuovere il coinvolgimento della comunit\u00e0 dei malati rari in collaborazione con il &#8220;WG ELSI di BBMRI.it con la comunit\u00e0 dei malati rari&#8221; con il fine di organizzare insieme attivit\u00e0 e\/o eventi per aumentare la consapevolezza sul biobanking nella comunit\u00e0 dei pazienti, ma anche nella comunit\u00e0 medico-scientifica; 4. studiare la fattibilit\u00e0 per l&#8217;implementazione di un modello per un help desk sulla base di quello elaborato per BBMRI-ERIC che fornisca supporto alle biobanche di malattie rare appartenenti al nodo nazionale sulle problematiche relative al biobanking.<\/p>\n<p><strong>Partecipanti<\/strong>&nbsp;Sono invitate a partecipare al Working Group tutte le biobanche di BBMRI.it, in particolare quelle orientate alle malattie rare. Si inviano a partecipare anche i rappresentati delle associazioni e le aziende. Il Working Group sar\u00e0 costituito da un massimo di trenta partecipanti.<\/p>\n<p><strong>Crediti ECM<\/strong>&nbsp;per la giornata conclusiva per biologo, medico, chimico, biotecnologo, tecnico di laboratorio, nutrizionista, bioinformatico, psicologo<\/p>\n<p><strong>Durata<\/strong>&nbsp;Kick-off meeting del Working Group durante la giornata nazionale di BBMRI.it. Si prevedono n. 4 teleconferenze nel corso del 2019 con calendario da definire e con primo incontro indicativamente a febbraio 2019. Si prevede la continuazione delle attivit\u00e0 negli anni successivi con un incontro residenziale annuale durante la giornata di BBMRI.it.<\/p>\n<p><strong>Piattaforma WEB<\/strong>&nbsp;dell\u2019Universit\u00e0 Milano Bicocca.<\/p>\n<p>Per manifestare l\u2019interesse a partecipare al gruppo compilare il modulo on-line&nbsp;<a href=\"http:\/\/bit.ly\/WG_Malattie_Rare\" target=\"_blank\" rel=\"noreferrer noopener\">http:\/\/bit.ly\/WG_Malattie_Rare<\/a><\/p>\n<p>Sarete contattati al pi\u00f9 presto per la conferma di accettazione a partecipare. Il programma delle teleconferenze sar\u00e0 pubblicato appena disponibile su questa pagina web.<\/p>\n<p><strong>Nota bene<\/strong>&nbsp;In caso di accettazione dell\u2019iscrizione al gruppo di lavoro, il partecipante dovr\u00e0 attestare che la sua partecipazione \u00e8 approvata dalla Direzione della sua istituzione.<\/p>\n<\/div>\n<\/div>","protected":false},"excerpt":{"rendered":"<p>Facilitatori&nbsp;Luca Sangiorgi, Matilde Valeria Ursini Obiettivi&nbsp;1. creare una road map per l&#8217;implementazione della rete (engagement di nuove biobanche, nuove associazioni, network di biobanche europei); 2. creare i presupposti per nuove collaborazioni con altre infrastrutture, progetti e iniziative sulle malattie rare e consolidare le collaborazioni esistenti; 3. promuovere il coinvolgimento della [&hellip;]<\/p>\n","protected":false},"author":1,"featured_media":0,"parent":149,"menu_order":0,"comment_status":"closed","ping_status":"closed","template":"page-templates\/template-fullwidth.php","meta":{"footnotes":""},"class_list":["post-153","page","type-page","status-publish","hentry"],"publishpress_future_action":{"enabled":false,"date":"2026-04-22 03:00:43","action":"change-status","newStatus":"draft","terms":[],"taxonomy":"","extraData":[]},"publishpress_future_workflow_manual_trigger":{"enabledWorkflows":[]},"_links":{"self":[{"href":"https:\/\/www.bbmri.it\/en\/wp-json\/wp\/v2\/pages\/153","targetHints":{"allow":["GET"]}}],"collection":[{"href":"https:\/\/www.bbmri.it\/en\/wp-json\/wp\/v2\/pages"}],"about":[{"href":"https:\/\/www.bbmri.it\/en\/wp-json\/wp\/v2\/types\/page"}],"author":[{"embeddable":true,"href":"https:\/\/www.bbmri.it\/en\/wp-json\/wp\/v2\/users\/1"}],"replies":[{"embeddable":true,"href":"https:\/\/www.bbmri.it\/en\/wp-json\/wp\/v2\/comments?post=153"}],"version-history":[{"count":5,"href":"https:\/\/www.bbmri.it\/en\/wp-json\/wp\/v2\/pages\/153\/revisions"}],"predecessor-version":[{"id":999,"href":"https:\/\/www.bbmri.it\/en\/wp-json\/wp\/v2\/pages\/153\/revisions\/999"}],"up":[{"embeddable":true,"href":"https:\/\/www.bbmri.it\/en\/wp-json\/wp\/v2\/pages\/149"}],"wp:attachment":[{"href":"https:\/\/www.bbmri.it\/en\/wp-json\/wp\/v2\/media?parent=153"}],"curies":[{"name":"wp","href":"https:\/\/api.w.org\/{rel}","templated":true}]}}