{"id":156,"date":"2019-04-18T13:00:16","date_gmt":"2019-04-18T13:00:16","guid":{"rendered":"https:\/\/portal.bbmri.it\/?page_id=156"},"modified":"2019-11-07T12:41:33","modified_gmt":"2019-11-07T11:41:33","slug":"biobanche-di-popolazione","status":"publish","type":"page","link":"https:\/\/www.bbmri.it\/en\/nodo-nazionale\/gruppi-di-lavoro\/biobanche-di-popolazione\/","title":{"rendered":"Population Biobanks"},"content":{"rendered":"<div class=\"uk-card uk-card-default uk-card-hover uk-card-body\" align=\"justify\">\n<div class=\"translation-block\">\n<p><strong><u>Facilitatori<\/u><\/strong>\u00a0Maria Benedetta Donati, Elena Bravo<\/p>\n<p><span><strong><u>Obiettivi<\/u><\/strong>\u00a01. Analisi peculiarit\u00e0, specificit\u00e0, finalit\u00e0 e visibilit\u00e0 delle biobanche di popolazione e degli isolati genetici 2. Impatto delle biobanche di popolazione sulla salute pubblica e le strategie di prevenzione delle malattie cronico\/degenerative. Policy di coinvolgimento volontari\/donatori (stakeholder analysis) 3. Analisi, individuazione delle necessit\u00e0 e adattamento degli strumenti (modulistica, dati, procedure, tipologia di campione, cost-recovery, partendo dalla matrice e prodotti dei WGs 2017) peculiari rispetto ad altre tipologie di biobanche di ricerca. 4. La norma ISO 20387 e gli standard tecnici per i campioni biologici nelle biobanche di popolazione 5. Formulazione di principi e procedure condivisi per le bio-banche di popolazione ed isolati genetici esistenti o in fase di realizzazione<\/span><\/p>\n<p><span><strong><u>Partecipanti<\/u><\/strong>\u00a0Sono invitate a partecipare al Working Group principalmente le biobanche di popolazione in essere o oggetto di pianificazione futura. Possibile attivit\u00e0 di aggiornamento\/qualificazione per epidemiologi e laboratoristi, per studenti e personale interessato ad approfondire tematiche di salute pubblica o di rapporti tra salute e determinanti socio-economici. Il Working Group sar\u00e0 costituito da un massimo di venti partecipanti.<\/span><\/p>\n<p><span><strong><u>Crediti ECM<\/u><\/strong>\u00a0per la giornata conclusiva per biologo, medico, chimico, biotecnologo, tecnico di laboratorio, nutrizionista, bioinformatico, psicologo<\/span><\/p>\n<p><span><strong><u>Durata<\/u><\/strong>\u00a0Previste 6 conference call con cadenza mensile<\/span><\/p>\n<p><span><strong><u>Piattaforma WEB<\/u><\/strong>\u00a0dell\u2019Universit\u00e0 Milano Bicocca.<\/span><\/p>\n<p><span>Per manifestare l\u2019interesse a partecipare al gruppo compilare il modulo on-line\u00a0<a href=\"http:\/\/bit.ly\/WG_BB_Popolazione\" target=\"_blank\" rel=\"noopener noreferrer\">http:\/\/bit.ly\/WG_BB_Popolazione<\/a>\u00a0<\/span><\/p>\n<p><span>Sarete contattati al pi\u00f9 presto per la conferma di accettazione a partecipare. Trovate il programma delle teleconferenze a questo link:\u00a0<a href=\"https:\/\/repository.bbmri.it\/s\/QHinQRoRJoJKs53\" target=\"_blank\" rel=\"noopener noreferrer\">PROGRAMMA<\/a><\/span><\/p>\n<p><span><strong><u>Nota bene<\/u><\/strong>\u00a0In caso di accettazione dell\u2019iscrizione al gruppo di lavoro, il partecipante dovr\u00e0 attestare che la sua partecipazione \u00e8 approvata dalla Direzione della sua istituzione<\/span><\/p>\n<\/div>\n<\/div>","protected":false},"excerpt":{"rendered":"<p>Facilitatori\u00a0Maria Benedetta Donati, Elena Bravo Obiettivi\u00a01. Analisi peculiarit\u00e0, specificit\u00e0, finalit\u00e0 e visibilit\u00e0 delle biobanche di popolazione e degli isolati genetici 2. Impatto delle biobanche di popolazione sulla salute pubblica e le strategie di prevenzione delle malattie cronico\/degenerative. Policy di coinvolgimento volontari\/donatori (stakeholder analysis) 3. Analisi, individuazione delle necessit\u00e0 e adattamento [&hellip;]<\/p>\n","protected":false},"author":1,"featured_media":0,"parent":149,"menu_order":0,"comment_status":"closed","ping_status":"closed","template":"page-templates\/template-fullwidth.php","meta":{"footnotes":""},"class_list":["post-156","page","type-page","status-publish","hentry"],"publishpress_future_action":{"enabled":false,"date":"2026-04-22 03:01:44","action":"change-status","newStatus":"draft","terms":[],"taxonomy":"","extraData":[]},"publishpress_future_workflow_manual_trigger":{"enabledWorkflows":[]},"_links":{"self":[{"href":"https:\/\/www.bbmri.it\/en\/wp-json\/wp\/v2\/pages\/156","targetHints":{"allow":["GET"]}}],"collection":[{"href":"https:\/\/www.bbmri.it\/en\/wp-json\/wp\/v2\/pages"}],"about":[{"href":"https:\/\/www.bbmri.it\/en\/wp-json\/wp\/v2\/types\/page"}],"author":[{"embeddable":true,"href":"https:\/\/www.bbmri.it\/en\/wp-json\/wp\/v2\/users\/1"}],"replies":[{"embeddable":true,"href":"https:\/\/www.bbmri.it\/en\/wp-json\/wp\/v2\/comments?post=156"}],"version-history":[{"count":7,"href":"https:\/\/www.bbmri.it\/en\/wp-json\/wp\/v2\/pages\/156\/revisions"}],"predecessor-version":[{"id":998,"href":"https:\/\/www.bbmri.it\/en\/wp-json\/wp\/v2\/pages\/156\/revisions\/998"}],"up":[{"embeddable":true,"href":"https:\/\/www.bbmri.it\/en\/wp-json\/wp\/v2\/pages\/149"}],"wp:attachment":[{"href":"https:\/\/www.bbmri.it\/en\/wp-json\/wp\/v2\/media?parent=156"}],"curies":[{"name":"wp","href":"https:\/\/api.w.org\/{rel}","templated":true}]}}