{"id":166,"date":"2019-04-18T13:10:49","date_gmt":"2019-04-18T13:10:49","guid":{"rendered":"https:\/\/portal.bbmri.it\/?page_id=166"},"modified":"2019-11-07T12:42:34","modified_gmt":"2019-11-07T11:42:34","slug":"biopsia-liquida","status":"publish","type":"page","link":"https:\/\/www.bbmri.it\/en\/nodo-nazionale\/gruppi-di-lavoro\/biopsia-liquida\/","title":{"rendered":"Liquid Biopsy"},"content":{"rendered":"<div class=\"uk-card uk-card-default uk-card-hover uk-card-body\" align=\"justify\">\n<div class=\"translation-block\">\n<h3 strong=\"\">Tipologie, tecniche e prospettive<\/h3>\n<hr class=\"wp-block-separator\">\n<p><strong>Facilitatori<\/strong>&nbsp;Maria Grazia Daidone, insieme ad un rappresentante di SIAPEC, AIOM e SIBIOC<\/p>\n<p><strong>Razionale ed obiettivi<\/strong>&nbsp;Recentemente \u00e8 emersa l\u2019opportunit\u00e0 \u2013 grazie a tecnologie sempre pi\u00f9 sensibili e specifiche attualmente disponibili &#8211; e l\u2019importanza di analizzare e caratterizzare i fluidi biologici (sangue, urine, saliva, etc.) in specifiche patologie, principalmente in ambito oncologico. \u00c8 noto come spesso le patologie tumorali siano dovute a mutazioni genetiche e come l\u2019analisi di queste mutazioni tumore-correlate venga frequentemente utilizzata a scopo diagnostico, prognostico e terapeutico. Il profilo genetico dei tumori solidi, attualmente effettuato principalmente su tessuti prelevati con biopsia o intervento chirurgico, spesso \u00e8 difficile da ottenere. La biopsia liquida, nella quale si ritrovano cellule tumorali circolanti, acidi nucleici (DNA tumorale, RNA e microRNA), proteine e vescicole extracellulari \/ esosomi, \u00e8 di particolare importanza quando le biopsie del tumore primario o delle metastasi non sono accessibili (ad esempio nelle fasi iniziali della malattia o nella malattia minima residua) o possibili e il rischio associato di eventi avversi associato alla modalit\u00e0 di prelievo \u00e8 elevato. Il rapido sviluppo di tecnologie di sequenziamento di prossima generazione (NGS) altamente sensibili e accurate ha consentito l&#8217;analisi del ruolo dei componenti delle biopsie liquide ed \u00e8 stato rapidamente adottato nei laboratori di diagnostica molecolare. Infatti, un follow-up longitudinale dei marcatori della malattia \u00e8 auspicabile per migliorare la prognosi o per monitorare l&#8217;efficacia del trattamento. Tuttavia, permane un certo grado di insicurezza associato ai metodi analitici, che deve essere risolto prima che tali approcci possano essere implementati per applicazioni di routine pi\u00f9 ampie. Per garantire uniformit\u00e0 e qualit\u00e0 dei risultati, nell\u2019interesse precipuo della collettivit\u00e0 oltre che ovviamente della comunit\u00e0 scientifica, varie Associazioni scientifiche stanno la\u00advorando attivamente all\u2019implementazione di un valido sistema di controllo. In questo Working Group verranno presentati e presi in considerazione i perfezionamenti di processo e le tecnologie che possono consentire alla biopsia liquida (a tutti gli effetti non definibile come un singolo test, ma come una metodologia di ricerca clinica applica\u00adta, con sfumature tecnologiche diverse) di acquisire un ruolo importante come biomarcatore non invasivo per lo sviluppo di strategie di gestione del tumore personaliz\u00adzate sul singolo paziente.<\/p>\n<p><strong>Partecipanti<\/strong>&nbsp;Sono invitate a partecipare al Working Group le biobanche e rappresentanti di Associazioni di pazienti oncologici. Se necessario le Aziende potranno essere invitate per specifiche conference call. Il Working Group sar\u00e0 costituito da un massimo di trenta partecipanti.<\/p>\n<p><strong>Crediti ECM<\/strong>&nbsp;per la giornata conclusiva per biologo, medico, chimico, biotecnologo, tecnico di laboratorio, nutrizionista, bioinformatico, psicologo<\/p>\n<p><strong>Durata<\/strong>&nbsp;Previste 6 conference call con cadenza mensile\/ogni 6 settimane, con questo calendario:<\/p>\n<ul class=\"uk-list uk-list-divider uk-list-large\">\n<li>acidi nucleici: procedure pre-analitiche e analitiche, tecniche per la normalizzazione dei dati<\/li>\n<li>cellule (tumorali) circolanti: arricchimento, isolamento, caratterizzazione molecolare<\/li>\n<li>esosomi<\/li>\n<li>qualit\u00e0 del risultato: come salvaguardarlo e verificarlo<\/li>\n<li>le Societ\u00e0 Scientifiche italiane: posizione e linee guida<\/li>\n<li>verso la clinica: a quando il prime time?<\/li>\n<\/ul>\n<p>Al termine delle conference call (tenute da esperti nelle specifiche tematiche) verr\u00e0 reso disponibile il materiale (didattico) presentato e la bibliografia citata<\/p>\n<p><strong>Piattaforma WEB<\/strong>&nbsp;dell\u2019Universit\u00e0 Milano Bicocca.<\/p>\n<p>Per manifestare l\u2019interesse a partecipare al gruppo compilare il modulo on-line&nbsp;<a href=\"http:\/\/bit.ly\/WG_biopsia_liquida\" target=\"_blank\" rel=\"noreferrer noopener\">http:\/\/bit.ly\/WG_biopsia_liquida<\/a><\/p>\n<p>Sarete contattati al pi\u00f9 presto per la conferma di accettazione a partecipare. Il programma delle teleconferenze sar\u00e0 pubblicato appena disponibile su questa pagina web.<\/p>\n<p><strong>Nota bene<\/strong>&nbsp;In caso di accettazione dell\u2019iscrizione al gruppo di lavoro, il partecipante dovr\u00e0 attestare che la sua partecipazione \u00e8 approvata dalla Direzione della sua istituzione.<\/p>\n<\/div>\n<\/div>","protected":false},"excerpt":{"rendered":"<p>Tipologie, tecniche e prospettive Facilitatori&nbsp;Maria Grazia Daidone, insieme ad un rappresentante di SIAPEC, AIOM e SIBIOC Razionale ed obiettivi&nbsp;Recentemente \u00e8 emersa l\u2019opportunit\u00e0 \u2013 grazie a tecnologie sempre pi\u00f9 sensibili e specifiche attualmente disponibili &#8211; e l\u2019importanza di analizzare e caratterizzare i fluidi biologici (sangue, urine, saliva, etc.) in specifiche patologie, [&hellip;]<\/p>\n","protected":false},"author":1,"featured_media":0,"parent":149,"menu_order":0,"comment_status":"closed","ping_status":"closed","template":"page-templates\/template-fullwidth.php","meta":{"footnotes":""},"class_list":["post-166","page","type-page","status-publish","hentry"],"publishpress_future_action":{"enabled":false,"date":"2026-04-22 03:00:48","action":"change-status","newStatus":"draft","terms":[],"taxonomy":"","extraData":[]},"publishpress_future_workflow_manual_trigger":{"enabledWorkflows":[]},"_links":{"self":[{"href":"https:\/\/www.bbmri.it\/en\/wp-json\/wp\/v2\/pages\/166","targetHints":{"allow":["GET"]}}],"collection":[{"href":"https:\/\/www.bbmri.it\/en\/wp-json\/wp\/v2\/pages"}],"about":[{"href":"https:\/\/www.bbmri.it\/en\/wp-json\/wp\/v2\/types\/page"}],"author":[{"embeddable":true,"href":"https:\/\/www.bbmri.it\/en\/wp-json\/wp\/v2\/users\/1"}],"replies":[{"embeddable":true,"href":"https:\/\/www.bbmri.it\/en\/wp-json\/wp\/v2\/comments?post=166"}],"version-history":[{"count":4,"href":"https:\/\/www.bbmri.it\/en\/wp-json\/wp\/v2\/pages\/166\/revisions"}],"predecessor-version":[{"id":1000,"href":"https:\/\/www.bbmri.it\/en\/wp-json\/wp\/v2\/pages\/166\/revisions\/1000"}],"up":[{"embeddable":true,"href":"https:\/\/www.bbmri.it\/en\/wp-json\/wp\/v2\/pages\/149"}],"wp:attachment":[{"href":"https:\/\/www.bbmri.it\/en\/wp-json\/wp\/v2\/media?parent=166"}],"curies":[{"name":"wp","href":"https:\/\/api.w.org\/{rel}","templated":true}]}}