{"id":2542,"date":"2023-03-03T11:14:27","date_gmt":"2023-03-03T10:14:27","guid":{"rendered":"https:\/\/www.bbmri.it\/?page_id=2542"},"modified":"2023-03-08T17:14:41","modified_gmt":"2023-03-08T16:14:41","slug":"domande-frequenti","status":"publish","type":"page","link":"https:\/\/www.bbmri.it\/en\/domande-frequenti\/","title":{"rendered":"Frequent questions"},"content":{"rendered":"\t\t<div data-elementor-type=\"wp-page\" data-elementor-id=\"2542\" class=\"elementor elementor-2542\" data-elementor-post-type=\"page\">\n\t\t\t\t\t\t<section class=\"elementor-section elementor-top-section elementor-element elementor-element-30ce61c elementor-section-boxed elementor-section-height-default elementor-section-height-default\" data-id=\"30ce61c\" data-element_type=\"section\" data-e-type=\"section\">\n\t\t\t\t\t\t<div class=\"elementor-container elementor-column-gap-default\">\n\t\t\t\t\t<div class=\"elementor-column elementor-col-100 elementor-top-column elementor-element elementor-element-53dc9a7\" data-id=\"53dc9a7\" data-element_type=\"column\" data-e-type=\"column\">\n\t\t\t<div class=\"elementor-widget-wrap elementor-element-populated\">\n\t\t\t\t\t\t<div class=\"elementor-element elementor-element-fabbefd elementor-widget elementor-widget-accordion\" data-id=\"fabbefd\" data-element_type=\"widget\" data-e-type=\"widget\" data-widget_type=\"accordion.default\">\n\t\t\t\t<div class=\"elementor-widget-container\">\n\t\t\t\t\t\t\t<div class=\"elementor-accordion\">\n\t\t\t\t\t\t\t<div class=\"elementor-accordion-item\">\n\t\t\t\t\t<div id=\"elementor-tab-title-2621\" class=\"elementor-tab-title\" data-tab=\"1\" role=\"button\" aria-controls=\"elementor-tab-content-2621\" aria-expanded=\"false\">\n\t\t\t\t\t\t\t\t\t\t\t\t\t<span class=\"elementor-accordion-icon elementor-accordion-icon-left\" aria-hidden=\"true\">\n\t\t\t\t\t\t\t\t\t\t\t\t\t\t\t<span class=\"elementor-accordion-icon-closed\"><i class=\"fas fa-plus\"><\/i><\/span>\n\t\t\t\t\t\t\t\t<span class=\"elementor-accordion-icon-opened\"><i class=\"fas fa-minus\"><\/i><\/span>\n\t\t\t\t\t\t\t\t\t\t\t\t\t\t<\/span>\n\t\t\t\t\t\t\t\t\t\t\t\t<a class=\"elementor-accordion-title\" tabindex=\"0\">Pagina Pubblica Biobanca sito BBMRI.it<\/a>\n\t\t\t\t\t<\/div>\n\t\t\t\t\t<div id=\"elementor-tab-content-2621\" class=\"elementor-tab-content elementor-clearfix\" data-tab=\"1\" role=\"region\" aria-labelledby=\"elementor-tab-title-2621\"><p>Per la gestione della pagina pubblica della biobanca sul sito BBMRI.it accedere alla sezione BIOBANCHE &#8211; MODIFICA BIOBANCA e selezionare il pulsante GESTISCI PAGINA BIOBANCA BBMRI.it<\/p><\/div>\n\t\t\t\t<\/div>\n\t\t\t\t\t\t\t<div class=\"elementor-accordion-item\">\n\t\t\t\t\t<div id=\"elementor-tab-title-2622\" class=\"elementor-tab-title\" data-tab=\"2\" role=\"button\" aria-controls=\"elementor-tab-content-2622\" aria-expanded=\"false\">\n\t\t\t\t\t\t\t\t\t\t\t\t\t<span class=\"elementor-accordion-icon elementor-accordion-icon-left\" aria-hidden=\"true\">\n\t\t\t\t\t\t\t\t\t\t\t\t\t\t\t<span class=\"elementor-accordion-icon-closed\"><i class=\"fas fa-plus\"><\/i><\/span>\n\t\t\t\t\t\t\t\t<span class=\"elementor-accordion-icon-opened\"><i class=\"fas fa-minus\"><\/i><\/span>\n\t\t\t\t\t\t\t\t\t\t\t\t\t\t<\/span>\n\t\t\t\t\t\t\t\t\t\t\t\t<a class=\"elementor-accordion-title\" tabindex=\"0\">Problema Inserimento Dati<\/a>\n\t\t\t\t\t<\/div>\n\t\t\t\t\t<div id=\"elementor-tab-content-2622\" class=\"elementor-tab-content elementor-clearfix\" data-tab=\"2\" role=\"region\" aria-labelledby=\"elementor-tab-title-2622\"><p>In caso di problemi durante la procedura di inserimento dati si deve contattare l&#8217;help desk indicando quali sono gli eventuali messaggi visualizzati dal sistema<\/p><\/div>\n\t\t\t\t<\/div>\n\t\t\t\t\t\t\t<div class=\"elementor-accordion-item\">\n\t\t\t\t\t<div id=\"elementor-tab-title-2623\" class=\"elementor-tab-title\" data-tab=\"3\" role=\"button\" aria-controls=\"elementor-tab-content-2623\" aria-expanded=\"false\">\n\t\t\t\t\t\t\t\t\t\t\t\t\t<span class=\"elementor-accordion-icon elementor-accordion-icon-left\" aria-hidden=\"true\">\n\t\t\t\t\t\t\t\t\t\t\t\t\t\t\t<span class=\"elementor-accordion-icon-closed\"><i class=\"fas fa-plus\"><\/i><\/span>\n\t\t\t\t\t\t\t\t<span class=\"elementor-accordion-icon-opened\"><i class=\"fas fa-minus\"><\/i><\/span>\n\t\t\t\t\t\t\t\t\t\t\t\t\t\t<\/span>\n\t\t\t\t\t\t\t\t\t\t\t\t<a class=\"elementor-accordion-title\" tabindex=\"0\">Eliminazione Dati<\/a>\n\t\t\t\t\t<\/div>\n\t\t\t\t\t<div id=\"elementor-tab-content-2623\" class=\"elementor-tab-content elementor-clearfix\" data-tab=\"3\" role=\"region\" aria-labelledby=\"elementor-tab-title-2623\"><p>In caso di necessit\u00e0 di eliminazione di un dato \u00e8 possibile utilizzare la relativa funzione disponibile nei men\u00f9 di gestione dei dati o inviare una comunicazione tramire l&#8217;help desk indicando quale dato si deve eliminare. Il contenuto da eliminare deve essere stato creato dal richiedente<\/p><\/div>\n\t\t\t\t<\/div>\n\t\t\t\t\t\t\t<div class=\"elementor-accordion-item\">\n\t\t\t\t\t<div id=\"elementor-tab-title-2624\" class=\"elementor-tab-title\" data-tab=\"4\" role=\"button\" aria-controls=\"elementor-tab-content-2624\" aria-expanded=\"false\">\n\t\t\t\t\t\t\t\t\t\t\t\t\t<span class=\"elementor-accordion-icon elementor-accordion-icon-left\" aria-hidden=\"true\">\n\t\t\t\t\t\t\t\t\t\t\t\t\t\t\t<span class=\"elementor-accordion-icon-closed\"><i class=\"fas fa-plus\"><\/i><\/span>\n\t\t\t\t\t\t\t\t<span class=\"elementor-accordion-icon-opened\"><i class=\"fas fa-minus\"><\/i><\/span>\n\t\t\t\t\t\t\t\t\t\t\t\t\t\t<\/span>\n\t\t\t\t\t\t\t\t\t\t\t\t<a class=\"elementor-accordion-title\" tabindex=\"0\">Tutorial Directory BBMRI.it<\/a>\n\t\t\t\t\t<\/div>\n\t\t\t\t\t<div id=\"elementor-tab-content-2624\" class=\"elementor-tab-content elementor-clearfix\" data-tab=\"4\" role=\"region\" aria-labelledby=\"elementor-tab-title-2624\"><p>Per accedere alle informazioni sull&#8217;utilizzo dei servizi della directory suggeriamo di utilizzare i videotutorial appositamente creati. Questi servizi sono presenti nel men\u00f9 SERVIZI (in alto a destra) e selezionare la voce TUTORIAL<\/p><\/div>\n\t\t\t\t<\/div>\n\t\t\t\t\t\t\t<div class=\"elementor-accordion-item\">\n\t\t\t\t\t<div id=\"elementor-tab-title-2625\" class=\"elementor-tab-title\" data-tab=\"5\" role=\"button\" aria-controls=\"elementor-tab-content-2625\" aria-expanded=\"false\">\n\t\t\t\t\t\t\t\t\t\t\t\t\t<span class=\"elementor-accordion-icon elementor-accordion-icon-left\" aria-hidden=\"true\">\n\t\t\t\t\t\t\t\t\t\t\t\t\t\t\t<span class=\"elementor-accordion-icon-closed\"><i class=\"fas fa-plus\"><\/i><\/span>\n\t\t\t\t\t\t\t\t<span class=\"elementor-accordion-icon-opened\"><i class=\"fas fa-minus\"><\/i><\/span>\n\t\t\t\t\t\t\t\t\t\t\t\t\t\t<\/span>\n\t\t\t\t\t\t\t\t\t\t\t\t<a class=\"elementor-accordion-title\" tabindex=\"0\">Nomina Nuovo Referente Biobanca<\/a>\n\t\t\t\t\t<\/div>\n\t\t\t\t\t<div id=\"elementor-tab-content-2625\" class=\"elementor-tab-content elementor-clearfix\" data-tab=\"5\" role=\"region\" aria-labelledby=\"elementor-tab-title-2625\">Per nominare un nuovo referente per l&#8217;accesso ai dati di una biobanca \u00e8 possibile utilizzare il servizio di help desk tramite l&#8217;apposita voce. Verr\u00e0 mostrato un template da compilare. I dati da inserire devono essere quelli di utenti gi\u00e0 registrati.<\/div>\n\t\t\t\t<\/div>\n\t\t\t\t\t\t\t<div class=\"elementor-accordion-item\">\n\t\t\t\t\t<div id=\"elementor-tab-title-2626\" class=\"elementor-tab-title\" data-tab=\"6\" role=\"button\" aria-controls=\"elementor-tab-content-2626\" aria-expanded=\"false\">\n\t\t\t\t\t\t\t\t\t\t\t\t\t<span class=\"elementor-accordion-icon elementor-accordion-icon-left\" aria-hidden=\"true\">\n\t\t\t\t\t\t\t\t\t\t\t\t\t\t\t<span class=\"elementor-accordion-icon-closed\"><i class=\"fas fa-plus\"><\/i><\/span>\n\t\t\t\t\t\t\t\t<span class=\"elementor-accordion-icon-opened\"><i class=\"fas fa-minus\"><\/i><\/span>\n\t\t\t\t\t\t\t\t\t\t\t\t\t\t<\/span>\n\t\t\t\t\t\t\t\t\t\t\t\t<a class=\"elementor-accordion-title\" tabindex=\"0\">Segnalare Biobanca COVID<\/a>\n\t\t\t\t\t<\/div>\n\t\t\t\t\t<div id=\"elementor-tab-content-2626\" class=\"elementor-tab-content elementor-clearfix\" data-tab=\"6\" role=\"region\" aria-labelledby=\"elementor-tab-title-2626\"><blockquote>I passaggi necessari per inserire una collezione prospettica COVID sono disponibili a questo <a href='https:\/\/repository.bbmri.it\/s\/JMosxBzmQY69qEb' target='_blank'>LINK<\/a>.<\/blockquote><br\/>In particolare di seguito sono riportati i campi necessari per indicare una biobanca relativa a COVID:<br\/><br\/><b>BIOBANCA<\/b><hr\/><ul><li>Compilare tutti i campi richiesti<\/li><li>Selezionare obbligatoriamente l\u2019appartenenza al network: <b>COVID_19<\/b><\/li><li>Compilare la sezione specifica dedicata al COVID<\/li><\/ul><b>COLLEZIONI<\/b><hr\/><ul><li>Compilare tutti i campi richiesti<\/li><li>Selezionare obbligatoriamente l\u2019appartenenza al network: <b>COVID_19<\/b><\/li><li>Segnalare almeno una diagnosi con codice ICD10 U07.1 o U07.2<\/li><li>Inserire l&#8217;Ordine di magnitudo<\/li><li>Inserire Tipo di collezione<\/li><li>Inserire Tipo di materiale<\/li><li>Inserire Tipologie di dati raccolti<\/li><li>Inserire la descrizione<\/li><\/ul><br\/><br\/><i>E&#8217; stata introdotta una nuova tipologia di collezione definita PROSPECTIVE_STUDY, in modo che possano essere facilmente identificate queste tipologie di collezioni. L&#8217;utilizzo di questa tipologia di collezione aiuter\u00e0 i ricercatori a identificare queste risorse tramite la piattaforma NEGOTIATOR<\/i><br\/><\/div>\n\t\t\t\t<\/div>\n\t\t\t\t\t\t\t<div class=\"elementor-accordion-item\">\n\t\t\t\t\t<div id=\"elementor-tab-title-2627\" class=\"elementor-tab-title\" data-tab=\"7\" role=\"button\" aria-controls=\"elementor-tab-content-2627\" aria-expanded=\"false\">\n\t\t\t\t\t\t\t\t\t\t\t\t\t<span class=\"elementor-accordion-icon elementor-accordion-icon-left\" aria-hidden=\"true\">\n\t\t\t\t\t\t\t\t\t\t\t\t\t\t\t<span class=\"elementor-accordion-icon-closed\"><i class=\"fas fa-plus\"><\/i><\/span>\n\t\t\t\t\t\t\t\t<span class=\"elementor-accordion-icon-opened\"><i class=\"fas fa-minus\"><\/i><\/span>\n\t\t\t\t\t\t\t\t\t\t\t\t\t\t<\/span>\n\t\t\t\t\t\t\t\t\t\t\t\t<a class=\"elementor-accordion-title\" tabindex=\"0\">Domande in aiuto alla compilazione del questionario<\/a>\n\t\t\t\t\t<\/div>\n\t\t\t\t\t<div id=\"elementor-tab-content-2627\" class=\"elementor-tab-content elementor-clearfix\" data-tab=\"7\" role=\"region\" aria-labelledby=\"elementor-tab-title-2627\"><p>Di seguito vengono elencate alcune domande inerenti alla procedura di compilazione del questionario<\/p><ul><li><b>-qual&#8217;\u00e8 il n. di soggetti i cui campioni sono depositati?<\/b><br\/>Di un soggetto possiamo avere siero, plasma, liquor e il soggetto \u00e8 sempre uno<br\/><\/li><li><b>-Quanti campioni sono presenti in biobanca?<\/b><br\/>Qui si intende campioni e non aliquote. Se ho tre aliquote di siero dallo stesso prelievo questo \u00e8 un campione, ma se sono due prelievi in tempi diversi sono due campioni<br\/><\/li><li><b>-Numero di campioni distribuiti ogni anno per n. campioni si intende il numero di aliquote, oppure la tipologia di campione biologico?<\/b><br\/>\u200bQui in generale sono aliquote: criotubi che togli dal congelatore e distribuisci. A rigore tre aliquote dallo stesso prelievo sono un campione, a meno che siano destinate ad usi diversi<br\/><\/li><\/div>\n\t\t\t\t<\/div>\n\t\t\t\t\t\t\t<div class=\"elementor-accordion-item\">\n\t\t\t\t\t<div id=\"elementor-tab-title-2628\" class=\"elementor-tab-title\" data-tab=\"8\" role=\"button\" aria-controls=\"elementor-tab-content-2628\" aria-expanded=\"false\">\n\t\t\t\t\t\t\t\t\t\t\t\t\t<span class=\"elementor-accordion-icon elementor-accordion-icon-left\" aria-hidden=\"true\">\n\t\t\t\t\t\t\t\t\t\t\t\t\t\t\t<span class=\"elementor-accordion-icon-closed\"><i class=\"fas fa-plus\"><\/i><\/span>\n\t\t\t\t\t\t\t\t<span class=\"elementor-accordion-icon-opened\"><i class=\"fas fa-minus\"><\/i><\/span>\n\t\t\t\t\t\t\t\t\t\t\t\t\t\t<\/span>\n\t\t\t\t\t\t\t\t\t\t\t\t<a class=\"elementor-accordion-title\" tabindex=\"0\">Gestione Partner Chart<\/a>\n\t\t\t\t\t<\/div>\n\t\t\t\t\t<div id=\"elementor-tab-content-2628\" class=\"elementor-tab-content elementor-clearfix\" data-tab=\"8\" role=\"region\" aria-labelledby=\"elementor-tab-title-2628\"><p>Qualora si riscontrino problemi con il file caricato tramite il sistema di helpdesk \u00e8 possibile inviare una richiesta di sostituzione<\/p><\/div>\n\t\t\t\t<\/div>\n\t\t\t\t\t\t\t<div class=\"elementor-accordion-item\">\n\t\t\t\t\t<div id=\"elementor-tab-title-2629\" class=\"elementor-tab-title\" data-tab=\"9\" role=\"button\" aria-controls=\"elementor-tab-content-2629\" aria-expanded=\"false\">\n\t\t\t\t\t\t\t\t\t\t\t\t\t<span class=\"elementor-accordion-icon elementor-accordion-icon-left\" aria-hidden=\"true\">\n\t\t\t\t\t\t\t\t\t\t\t\t\t\t\t<span class=\"elementor-accordion-icon-closed\"><i class=\"fas fa-plus\"><\/i><\/span>\n\t\t\t\t\t\t\t\t<span class=\"elementor-accordion-icon-opened\"><i class=\"fas fa-minus\"><\/i><\/span>\n\t\t\t\t\t\t\t\t\t\t\t\t\t\t<\/span>\n\t\t\t\t\t\t\t\t\t\t\t\t<a class=\"elementor-accordion-title\" tabindex=\"0\">Accreditamento servizio BBMRI-ERIC Negotiator<\/a>\n\t\t\t\t\t<\/div>\n\t\t\t\t\t<div id=\"elementor-tab-content-2629\" class=\"elementor-tab-content elementor-clearfix\" data-tab=\"9\" role=\"region\" aria-labelledby=\"elementor-tab-title-2629\">Si ricorda che ogni collezione va riconosciuta nel servizio BBMRI-ERIC Negotiator<br\/><i>Per maggiori informazioni consulta la guida disponibile al seguente <a href='https:\/\/www.bbmri.it\/negotiator\/adesione-al-servizio-bbmri-eric-negotiator\/' target=_blank>LINK<\/a><\/i><\/div>\n\t\t\t\t<\/div>\n\t\t\t\t\t\t\t<div class=\"elementor-accordion-item\">\n\t\t\t\t\t<div id=\"elementor-tab-title-26210\" class=\"elementor-tab-title\" data-tab=\"10\" role=\"button\" aria-controls=\"elementor-tab-content-26210\" aria-expanded=\"false\">\n\t\t\t\t\t\t\t\t\t\t\t\t\t<span class=\"elementor-accordion-icon elementor-accordion-icon-left\" aria-hidden=\"true\">\n\t\t\t\t\t\t\t\t\t\t\t\t\t\t\t<span class=\"elementor-accordion-icon-closed\"><i class=\"fas fa-plus\"><\/i><\/span>\n\t\t\t\t\t\t\t\t<span class=\"elementor-accordion-icon-opened\"><i class=\"fas fa-minus\"><\/i><\/span>\n\t\t\t\t\t\t\t\t\t\t\t\t\t\t<\/span>\n\t\t\t\t\t\t\t\t\t\t\t\t<a class=\"elementor-accordion-title\" tabindex=\"0\">Browser Supportati<\/a>\n\t\t\t\t\t<\/div>\n\t\t\t\t\t<div id=\"elementor-tab-content-26210\" class=\"elementor-tab-content elementor-clearfix\" data-tab=\"10\" role=\"region\" aria-labelledby=\"elementor-tab-title-26210\"><p>Per un&#8217;esperienza ottimale si consigla l&#8217;utilizzo del browser CHROME. Sono supportate tutte le ultime release dei principali Browser (Tranne Internet Explorer 11 e minori per ragioni di sicurezza)<\/p><\/div>\n\t\t\t\t<\/div>\n\t\t\t\t\t\t\t<div class=\"elementor-accordion-item\">\n\t\t\t\t\t<div id=\"elementor-tab-title-26211\" class=\"elementor-tab-title\" data-tab=\"11\" role=\"button\" aria-controls=\"elementor-tab-content-26211\" aria-expanded=\"false\">\n\t\t\t\t\t\t\t\t\t\t\t\t\t<span class=\"elementor-accordion-icon elementor-accordion-icon-left\" aria-hidden=\"true\">\n\t\t\t\t\t\t\t\t\t\t\t\t\t\t\t<span class=\"elementor-accordion-icon-closed\"><i class=\"fas fa-plus\"><\/i><\/span>\n\t\t\t\t\t\t\t\t<span class=\"elementor-accordion-icon-opened\"><i class=\"fas fa-minus\"><\/i><\/span>\n\t\t\t\t\t\t\t\t\t\t\t\t\t\t<\/span>\n\t\t\t\t\t\t\t\t\t\t\t\t<a class=\"elementor-accordion-title\" tabindex=\"0\">Modalit\u00e0 Recupero Password<\/a>\n\t\t\t\t\t<\/div>\n\t\t\t\t\t<div id=\"elementor-tab-content-26211\" class=\"elementor-tab-content elementor-clearfix\" data-tab=\"11\" role=\"region\" aria-labelledby=\"elementor-tab-title-26211\"><p><span>Per poter richiede una nuova password \u00e8 necessario seguite i seguenti passaggi:<\/span><\/p><blockquote><ul><li>Inserire il proprio username<\/li><li>Selezionare il pulsante<span>\u00a0<\/span><b>RECUPERA PASSWORD<\/b><\/li><li>Attendere la mail contenente il link per poter inserire una nuova password<\/li><li>Selezionare il link presente nella mail e creare una nuova password<\/li><\/ul><\/blockquote><p><i>Qualora non sia possibile risalire al proprio nome utente utilizzare direttamente il sistema di Help Desk del portale BBMRI.it<\/i><\/p><\/div>\n\t\t\t\t<\/div>\n\t\t\t\t\t\t\t\t\t\t<script type=\"application\/ld+json\">{\"@context\":\"https:\\\/\\\/schema.org\",\"@type\":\"FAQPage\",\"mainEntity\":[{\"@type\":\"Question\",\"name\":\"Pagina Pubblica Biobanca sito BBMRI.it\",\"acceptedAnswer\":{\"@type\":\"Answer\",\"text\":\"<p>Per la gestione della pagina pubblica della biobanca sul sito BBMRI.it accedere alla sezione BIOBANCHE &#8211; MODIFICA BIOBANCA e selezionare il pulsante GESTISCI PAGINA BIOBANCA BBMRI.it<\\\/p>\"}},{\"@type\":\"Question\",\"name\":\"Problema Inserimento Dati\",\"acceptedAnswer\":{\"@type\":\"Answer\",\"text\":\"<p>In caso di problemi durante la procedura di inserimento dati si deve contattare l&#8217;help desk indicando quali sono gli eventuali messaggi visualizzati dal sistema<\\\/p>\"}},{\"@type\":\"Question\",\"name\":\"Eliminazione Dati\",\"acceptedAnswer\":{\"@type\":\"Answer\",\"text\":\"<p>In caso di necessit\\u00e0 di eliminazione di un dato \\u00e8 possibile utilizzare la relativa funzione disponibile nei men\\u00f9 di gestione dei dati o inviare una comunicazione tramire l&#8217;help desk indicando quale dato si deve eliminare. Il contenuto da eliminare deve essere stato creato dal richiedente<\\\/p>\"}},{\"@type\":\"Question\",\"name\":\"Tutorial Directory BBMRI.it\",\"acceptedAnswer\":{\"@type\":\"Answer\",\"text\":\"<p>Per accedere alle informazioni sull&#8217;utilizzo dei servizi della directory suggeriamo di utilizzare i videotutorial appositamente creati. Questi servizi sono presenti nel men\\u00f9 SERVIZI (in alto a destra) e selezionare la voce TUTORIAL<\\\/p>\"}},{\"@type\":\"Question\",\"name\":\"Nomina Nuovo Referente Biobanca\",\"acceptedAnswer\":{\"@type\":\"Answer\",\"text\":\"Per nominare un nuovo referente per l&#8217;accesso ai dati di una biobanca \\u00e8 possibile utilizzare il servizio di help desk tramite l&#8217;apposita voce. Verr\\u00e0 mostrato un template da compilare. I dati da inserire devono essere quelli di utenti gi\\u00e0 registrati.\"}},{\"@type\":\"Question\",\"name\":\"Segnalare Biobanca COVID\",\"acceptedAnswer\":{\"@type\":\"Answer\",\"text\":\"<blockquote>I passaggi necessari per inserire una collezione prospettica COVID sono disponibili a questo <a href='https:\\\/\\\/repository.bbmri.it\\\/s\\\/JMosxBzmQY69qEb' target='_blank'>LINK<\\\/a>.<\\\/blockquote><br\\\/>In particolare di seguito sono riportati i campi necessari per indicare una biobanca relativa a COVID:<br\\\/><br\\\/><b>BIOBANCA<\\\/b><hr\\\/><ul><li>Compilare tutti i campi richiesti<\\\/li><li>Selezionare obbligatoriamente l\\u2019appartenenza al network: <b>COVID_19<\\\/b><\\\/li><li>Compilare la sezione specifica dedicata al COVID<\\\/li><\\\/ul><b>COLLEZIONI<\\\/b><hr\\\/><ul><li>Compilare tutti i campi richiesti<\\\/li><li>Selezionare obbligatoriamente l\\u2019appartenenza al network: <b>COVID_19<\\\/b><\\\/li><li>Segnalare almeno una diagnosi con codice ICD10 U07.1 o U07.2<\\\/li><li>Inserire l&#8217;Ordine di magnitudo<\\\/li><li>Inserire Tipo di collezione<\\\/li><li>Inserire Tipo di materiale<\\\/li><li>Inserire Tipologie di dati raccolti<\\\/li><li>Inserire la descrizione<\\\/li><\\\/ul><br\\\/><br\\\/><i>E&#8217; stata introdotta una nuova tipologia di collezione definita PROSPECTIVE_STUDY, in modo che possano essere facilmente identificate queste tipologie di collezioni. L&#8217;utilizzo di questa tipologia di collezione aiuter\\u00e0 i ricercatori a identificare queste risorse tramite la piattaforma NEGOTIATOR<\\\/i><br\\\/>\"}},{\"@type\":\"Question\",\"name\":\"Domande in aiuto alla compilazione del questionario\",\"acceptedAnswer\":{\"@type\":\"Answer\",\"text\":\"<p>Di seguito vengono elencate alcune domande inerenti alla procedura di compilazione del questionario<\\\/p><ul><li><b>-qual&#8217;\\u00e8 il n. di soggetti i cui campioni sono depositati?<\\\/b><br\\\/>Di un soggetto possiamo avere siero, plasma, liquor e il soggetto \\u00e8 sempre uno<br\\\/><\\\/li><li><b>-Quanti campioni sono presenti in biobanca?<\\\/b><br\\\/>Qui si intende campioni e non aliquote. Se ho tre aliquote di siero dallo stesso prelievo questo \\u00e8 un campione, ma se sono due prelievi in tempi diversi sono due campioni<br\\\/><\\\/li><li><b>-Numero di campioni distribuiti ogni anno per n. campioni si intende il numero di aliquote, oppure la tipologia di campione biologico?<\\\/b><br\\\/>\\u200bQui in generale sono aliquote: criotubi che togli dal congelatore e distribuisci. A rigore tre aliquote dallo stesso prelievo sono un campione, a meno che siano destinate ad usi diversi<br\\\/><\\\/li>\"}},{\"@type\":\"Question\",\"name\":\"Gestione Partner Chart\",\"acceptedAnswer\":{\"@type\":\"Answer\",\"text\":\"<p>Qualora si riscontrino problemi con il file caricato tramite il sistema di helpdesk \\u00e8 possibile inviare una richiesta di sostituzione<\\\/p>\"}},{\"@type\":\"Question\",\"name\":\"Accreditamento servizio BBMRI-ERIC Negotiator\",\"acceptedAnswer\":{\"@type\":\"Answer\",\"text\":\"Si ricorda che ogni collezione va riconosciuta nel servizio BBMRI-ERIC Negotiator<br\\\/><i>Per maggiori informazioni consulta la guida disponibile al seguente <a href='https:\\\/\\\/www.bbmri.it\\\/negotiator\\\/adesione-al-servizio-bbmri-eric-negotiator\\\/' target=_blank>LINK<\\\/a><\\\/i>\"}},{\"@type\":\"Question\",\"name\":\"Browser Supportati\",\"acceptedAnswer\":{\"@type\":\"Answer\",\"text\":\"<p>Per un&#8217;esperienza ottimale si consigla l&#8217;utilizzo del browser CHROME. Sono supportate tutte le ultime release dei principali Browser (Tranne Internet Explorer 11 e minori per ragioni di sicurezza)<\\\/p>\"}},{\"@type\":\"Question\",\"name\":\"Modalit\\u00e0 Recupero Password\",\"acceptedAnswer\":{\"@type\":\"Answer\",\"text\":\"<p><span>Per poter richiede una nuova password \\u00e8 necessario seguite i seguenti passaggi:<\\\/span><\\\/p><blockquote><ul><li>Inserire il proprio username<\\\/li><li>Selezionare il pulsante<span>\\u00a0<\\\/span><b>RECUPERA PASSWORD<\\\/b><\\\/li><li>Attendere la mail contenente il link per poter inserire una nuova password<\\\/li><li>Selezionare il link presente nella mail e creare una nuova password<\\\/li><\\\/ul><\\\/blockquote><p><i>Qualora non sia possibile risalire al proprio nome utente utilizzare direttamente il sistema di Help Desk del portale BBMRI.it<\\\/i><\\\/p>\"}}]}<\/script>\n\t\t\t\t\t<\/div>\n\t\t\t\t\t\t<\/div>\n\t\t\t\t<\/div>\n\t\t\t\t\t<\/div>\n\t\t<\/div>\n\t\t\t\t\t<\/div>\n\t\t<\/section>\n\t\t\t\t<\/div>\n\t\t","protected":false},"excerpt":{"rendered":"<p>Pagina Pubblica Biobanca sito BBMRI.it Per la gestione della pagina pubblica della biobanca sul sito BBMRI.it accedere alla sezione BIOBANCHE &#8211; MODIFICA BIOBANCA e selezionare il pulsante GESTISCI PAGINA BIOBANCA BBMRI.it Problema Inserimento Dati In caso di problemi durante la procedura di inserimento dati si deve contattare l&#8217;help desk indicando [&hellip;]<\/p>\n","protected":false},"author":1,"featured_media":0,"parent":0,"menu_order":0,"comment_status":"closed","ping_status":"closed","template":"page-templates\/template-fullwidth.php","meta":{"footnotes":""},"class_list":["post-2542","page","type-page","status-publish","hentry"],"publishpress_future_action":{"enabled":false,"date":"2026-04-12 15:50:49","action":"change-status","newStatus":"draft","terms":[],"taxonomy":"","extraData":[]},"publishpress_future_workflow_manual_trigger":{"enabledWorkflows":[]},"_links":{"self":[{"href":"https:\/\/www.bbmri.it\/en\/wp-json\/wp\/v2\/pages\/2542","targetHints":{"allow":["GET"]}}],"collection":[{"href":"https:\/\/www.bbmri.it\/en\/wp-json\/wp\/v2\/pages"}],"about":[{"href":"https:\/\/www.bbmri.it\/en\/wp-json\/wp\/v2\/types\/page"}],"author":[{"embeddable":true,"href":"https:\/\/www.bbmri.it\/en\/wp-json\/wp\/v2\/users\/1"}],"replies":[{"embeddable":true,"href":"https:\/\/www.bbmri.it\/en\/wp-json\/wp\/v2\/comments?post=2542"}],"version-history":[{"count":13,"href":"https:\/\/www.bbmri.it\/en\/wp-json\/wp\/v2\/pages\/2542\/revisions"}],"predecessor-version":[{"id":2558,"href":"https:\/\/www.bbmri.it\/en\/wp-json\/wp\/v2\/pages\/2542\/revisions\/2558"}],"wp:attachment":[{"href":"https:\/\/www.bbmri.it\/en\/wp-json\/wp\/v2\/media?parent=2542"}],"curies":[{"name":"wp","href":"https:\/\/api.w.org\/{rel}","templated":true}]}}