{"id":3,"date":"2019-04-03T08:16:24","date_gmt":"2019-04-03T08:16:24","guid":{"rendered":"http:\/\/website.bbmri.docker.bioinformatics.itb.cnr.it\/?page_id=3"},"modified":"2019-11-07T12:39:07","modified_gmt":"2019-11-07T11:39:07","slug":"privacy-policy","status":"publish","type":"page","link":"https:\/\/www.bbmri.it\/en\/privacy-policy\/","title":{"rendered":"Cookie Privacy Policy"},"content":{"rendered":"<div class=\"uk-card uk-card-default uk-card-hover uk-card-body\" align=\"justify\">\n<p>Ai sensi dell\u2019art. 13 del D.lgs.196\/03 ed in seguito all\u2019entrata in vigore del Regolamento UE nr. 679\/2016 conformemente a quanto disciplinato dall\u2019art. 13 del citato Regolamento Europeo e del Provvedimento generale del Garante Privacy in materia di cookie dell\u20198 maggio 2014, n. 229 desideriamo comunicarVi quanto segue:<\/p>\n<h3><strong>Finalit\u00e0 e trattamento dei dati<\/strong><\/h3>\n<hr\/>\n<p>In questa sezione sono contenute le informazioni relative al trattamento dei dati degli utenti di www.bbmri.it e di tutti i servizi ad esso correlati.<\/p>\n<p>La presente informativa \u00e8 resa esclusivamente per i seguenti siti:<\/p>\n<ul class=\"uk-list uk-list-divider uk-list-large\" style=\"text-align: justify;\">\n<li>www.bbmri.it<\/li>\n<li>directory.bbmri.it<\/li>\n<li>services.bbmri.it<\/li>\n<li>repository.bbmri.it<\/li>\n<li>portal.bbmri.it<\/li>\n<\/ul>\n<p>Alcune pagine possono richiedere dati personali: si informa che il loro mancato conferimento pu\u00f2 comportare l\u2019impossibilit\u00e0 di raggiungere le finalit\u00e0 cui il trattamento \u00e8 connesso.<\/p>\n<p>Si informa che il trattamento dei dati personali effettuato dai siti sopra elencati attiene esclusivamente ai dati personali utilizzati per finalit\u00e0 connesse alla registrazione e partecipazione all&#8217;infrastruttura\u00a0 \u201cBBMRI.it\u201d. Ai sensi dell\u2019art. 13 del GDPR (Regolamento UE n. 679\/2016), ti informiamo che i tuoi dati non verranno diffusi a terze parti se non per il corretto adempimento delle finalit\u00e0 di cui sopra.<\/p>\n<p>I tuoi dati saranno conservati per il periodo di tempo necessario per il conseguimento delle finalit\u00e0 per le quali sono raccolti e trattati e comunque nei termini di legge vigenti. Il trattamento sar\u00e0 svolto in forma automatizzata e\/o manuale, nel rispetto di quanto previsto dall\u2019art. 32 del GDPR in materia di sicurezza, ad opera di soggetti appositamente incaricati e in ottemperanza a quanto previsto dall\u2019art. 29 del GDPR; inoltre, nel rispetto dei principi di liceit\u00e0, limitazione delle finalit\u00e0 e minimizzazione dei dati, ai sensi dell\u2019art. 5 del GDPR.<\/p>\n<h3><strong>Diritti degli interessati<\/strong><\/h3>\n<hr\/>\n<p>In ogni momento vi \u00e8 possibile richiedere:<\/p>\n<ul class=\"uk-list uk-list-divider uk-list-large\" style=\"text-align: justify;\">\n<li>1) la conferma dell\u2019esistenza o meno di propri dati personali;<\/li>\n<li>2) ottenere le indicazioni circa le finalit\u00e0 del trattamento, le categorie dei dati personali, i destinatari o le categorie di destinatari a cui i dati personali sono stati o saranno comunicati e, quando possibile, il periodo di conservazione;<\/li>\n<li>3) ottenere la rettifica e la cancellazione dei dati;<\/li>\n<li>4) ottenere la limitazione del trattamento;<\/li>\n<li>5) ottenere la portabilit\u00e0 dei dati;<\/li>\n<li>6) opporsi al trattamento in qualsiasi momento;<\/li>\n<li>7) proporre reclamo ad una autorit\u00e0 di controllo;<\/li>\n<\/ul>\n<p>Per la richiesta di cancellazione dei dati nel nostro database \u00e8 possibile inviare una mail a: italy@bbmri.it<\/p>\n<h3><strong>Titolare e Responsabile del trattamento<\/strong><\/h3>\n<hr\/>\n<p>Titolare del trattamento dei dati \u00e8 il nodo BBMRI.it.<\/p>\n<p>Ai sensi degli art. 37 e ss. del predetto Regolamento relativo alla protezione delle persone fisiche con riguardo al trattamento dei dati, \u00e8 possibile utilizzare l&#8217;indirizzo email italy@bbmri.it al fine di ottenere tutte le informazioni necessarie alle modalit\u00e0 di trattamento dei dati personali utilizzati dal nodo.<\/p>\n<p>Riferimenti del Garante per la protezione dei dati personali: <a href=\"https:\/\/www.garanteprivacy.it\">https:\/\/www.garanteprivacy.it<\/a><\/p>\n<h3><strong>Cookie Policy<\/strong><\/h3>\n<hr\/>\n<p>I Cookie sono costituiti da porzioni di codice installate all&#8217;interno del browser che assistono il Titolare nell\u2019erogazione del servizio in base alle finalit\u00e0 descritte. Alcune delle finalit\u00e0 di installazione dei Cookie potrebbero, inoltre, necessitare del consenso dell&#8217;Utente.<\/p>\n<p>Qualora fra gli strumenti indicati in seguito fossero presenti servizi gestiti da terzi, questi potrebbero \u2013 in aggiunta a quanto specificato ed anche all\u2019insaputa del Titolare \u2013 compiere attivit\u00e0 di tracciamento dell\u2019Utente. Per informazioni dettagliate in merito, si consiglia di consultare le privacy policy dei servizi elencati.<\/p>\n<p>Questo Sito utilizza Cookie tecnici per salvare la sessione dell&#8217;Utente e per svolgere altre attivit\u00e0 strettamente necessarie al funzionamento dello stesso. Per la loro installazione non \u00e8 richiesto il preventivo consenso degli utenti. Questo sito non utilizza cookie di terze parti.<\/p>\n<p>L\u2019utente pu\u00f2 bloccare o limitare la ricezione di cookies attraverso le opzioni del proprio browser. Tramite le preferenze del browser \u00e8 inoltre possibile eliminare i Cookie installati in passato, incluso il Cookie in cui venga eventualmente salvato il consenso all&#8217;installazione di Cookie da parte di questo sito. Tuttavia, disabilitando completamente i cookie nel browser potrebbe non essere possibile utilizzare tutte le nostre funzionalit\u00e0 interattive.<\/p>\n<\/div>","protected":false},"excerpt":{"rendered":"<p>Ai sensi dell\u2019art. 13 del D.lgs.196\/03 ed in seguito all\u2019entrata in vigore del Regolamento UE nr. 679\/2016 conformemente a quanto disciplinato dall\u2019art. 13 del citato Regolamento Europeo e del Provvedimento generale del Garante Privacy in materia di cookie dell\u20198 maggio 2014, n. 229 desideriamo comunicarVi quanto segue: Finalit\u00e0 e trattamento [&hellip;]<\/p>\n","protected":false},"author":1,"featured_media":0,"parent":0,"menu_order":0,"comment_status":"closed","ping_status":"closed","template":"page-templates\/template-fullwidth.php","meta":{"footnotes":""},"class_list":["post-3","page","type-page","status-publish","hentry"],"publishpress_future_action":{"enabled":false,"date":"2026-04-21 22:38:46","action":"change-status","newStatus":"draft","terms":[],"taxonomy":"","extraData":[]},"publishpress_future_workflow_manual_trigger":{"enabledWorkflows":[]},"_links":{"self":[{"href":"https:\/\/www.bbmri.it\/en\/wp-json\/wp\/v2\/pages\/3","targetHints":{"allow":["GET"]}}],"collection":[{"href":"https:\/\/www.bbmri.it\/en\/wp-json\/wp\/v2\/pages"}],"about":[{"href":"https:\/\/www.bbmri.it\/en\/wp-json\/wp\/v2\/types\/page"}],"author":[{"embeddable":true,"href":"https:\/\/www.bbmri.it\/en\/wp-json\/wp\/v2\/users\/1"}],"replies":[{"embeddable":true,"href":"https:\/\/www.bbmri.it\/en\/wp-json\/wp\/v2\/comments?post=3"}],"version-history":[{"count":9,"href":"https:\/\/www.bbmri.it\/en\/wp-json\/wp\/v2\/pages\/3\/revisions"}],"predecessor-version":[{"id":993,"href":"https:\/\/www.bbmri.it\/en\/wp-json\/wp\/v2\/pages\/3\/revisions\/993"}],"wp:attachment":[{"href":"https:\/\/www.bbmri.it\/en\/wp-json\/wp\/v2\/media?parent=3"}],"curies":[{"name":"wp","href":"https:\/\/api.w.org\/{rel}","templated":true}]}}